{"id":10554,"date":"2025-11-14T05:25:02","date_gmt":"2025-11-14T02:25:02","guid":{"rendered":"https:\/\/baldumarket.lt\/product\/belluno-140x200-stelaz-drew\/"},"modified":"2026-03-24T17:49:22","modified_gmt":"2026-03-24T14:49:22","slug":"belluno-140x200-stelaz-drew","status":"publish","type":"product","link":"https:\/\/baldumarket.lt\/lt\/product\/belluno-140x200-stelaz-drew\/","title":{"rendered":"Belluno 140\u00d7200 medinis r\u0117mas"},"content":{"rendered":"<p>\u201eBelluno\u201c \u2013 tai miegamojo lova, kuri \u017eavi savo i\u0161skirtiniu komfortu. \u0160is erdvus, klasikinio stiliaus baldas si\u016blo miegojimo pavir\u0161i\u0173 su keturiais dyd\u017eiais: 140\/160\/180\/200 x 200 cm. Tai taip pat puiki vieta kasdieniam poilsiui ir poilsiui. Galimi du modeliai: su mediniu arba metaliniu r\u0117mu ir dujiniu keltuvu, kuris leid\u017eia intuityviai ir lengvai pakelti vir\u0161utin\u0119 lovos dal\u012f, kad b\u016bt\u0173 galima pasiekti erdvi\u0105 patalyn\u0117s d\u0117\u017e\u0119. \u201eBelluno\u201c lova turi apmu\u0161t\u0105 r\u0117m\u0105 ir galv\u016bgal\u012f, u\u017epildyt\u0105 mink\u0161tomis, lanks\u010diomis T25 putomis. \u0160is baldas puikiai tinka jaukiems miegamiesiems. Verta investuoti \u012f toki\u0105 lov\u0105, kad ilgus metus gal\u0117tum\u0117te m\u0117gautis maksimaliu komfortu.<\/p>","protected":false},"excerpt":{"rendered":"<p>\u201eBelluno\u201c \u2013 tai miegamojo lova, kuri \u017eavi savo i\u0161skirtiniu komfortu. \u0160i erdvi, klasikinio stiliaus lova si\u016blo miegojimo pavir\u0161i\u0173 su keturiais dyd\u017eiais: 140\/160\/180\/200 x 200 cm. Tai taip pat puiki vieta kasdieniam poilsiui ir poilsiui. Galimi du modeliai: su mediniu arba metaliniu r\u0117mu ir dujiniu pak\u0117limu, kuris [\u2026]<\/p>","protected":false},"featured_media":10555,"comment_status":"open","ping_status":"open","template":"","meta":[],"product_brand":[],"product_cat":[505,1970,2012],"product_tag":[],"class_list":{"0":"post-10554","1":"product","2":"type-product","3":"status-publish","4":"has-post-thumbnail","6":"product_cat-bedroom-beds","7":"product_cat-beds-140x200","8":"product_cat-eltap","9":"pa_frame-material-wood","10":"pa_frame-material-type-pine","11":"pa_leg-color-undefined","12":"pa_leg-material-undefined","13":"pa_linen-box-no","14":"pa_main-color-dark-brown","15":"pa_main-color-beige","16":"pa_main-color-black","17":"pa_main-color-blue","18":"pa_main-color-dark-blue","19":"pa_main-color-dark-green","20":"pa_main-color-dark-purple","21":"pa_main-color-gray","22":"pa_main-color-white","23":"pa_price-group-prestige","24":"pa_price-group-classic","25":"pa_price-group-special","26":"pa_seat-depth-495","27":"pa_seat-width-509","28":"pa_sleep-function-yes","29":"pa_sleeping-area-length-498","30":"pa_sleeping-area-width-510","31":"pa_style-modern","32":"pa_textile-berlin-03","33":"pa_textile-kronos-09","34":"pa_textile-kronos-19","35":"pa_textile-mat-velvet-68","36":"pa_textile-mat-velvet-75","37":"pa_textile-paros-05","38":"pa_textile-sawana-21","39":"pa_textile-sawana-26","40":"pa_textile-soft-11","41":"pa_textile-soft-17","42":"pa_textile-soft-33","43":"pa_textile-soft-66","44":"pa_upholstery-material-polyester","46":"first","47":"instock","48":"purchasable","49":"product-type-variable","50":"wvs-archive-product-wrapper"},"_links":{"self":[{"href":"https:\/\/baldumarket.lt\/lt\/wp-json\/wp\/v2\/product\/10554","targetHints":{"allow":["GET"]}}],"collection":[{"href":"https:\/\/baldumarket.lt\/lt\/wp-json\/wp\/v2\/product"}],"about":[{"href":"https:\/\/baldumarket.lt\/lt\/wp-json\/wp\/v2\/types\/product"}],"replies":[{"embeddable":true,"href":"https:\/\/baldumarket.lt\/lt\/wp-json\/wp\/v2\/comments?post=10554"}],"wp:featuredmedia":[{"embeddable":true,"href":"https:\/\/baldumarket.lt\/lt\/wp-json\/wp\/v2\/media\/10555"}],"wp:attachment":[{"href":"https:\/\/baldumarket.lt\/lt\/wp-json\/wp\/v2\/media?parent=10554"}],"wp:term":[{"taxonomy":"product_brand","embeddable":true,"href":"https:\/\/baldumarket.lt\/lt\/wp-json\/wp\/v2\/product_brand?post=10554"},{"taxonomy":"product_cat","embeddable":true,"href":"https:\/\/baldumarket.lt\/lt\/wp-json\/wp\/v2\/product_cat?post=10554"},{"taxonomy":"product_tag","embeddable":true,"href":"https:\/\/baldumarket.lt\/lt\/wp-json\/wp\/v2\/product_tag?post=10554"}],"curies":[{"name":"wp","href":"https:\/\/api.w.org\/{rel}","templated":true}]}}