{"id":105039,"date":"2025-12-08T03:30:42","date_gmt":"2025-12-08T00:30:42","guid":{"rendered":"https:\/\/baldumarket.lt\/?post_type=product&#038;p=105039"},"modified":"2026-02-11T02:08:47","modified_gmt":"2026-02-10T23:08:47","slug":"hey-long-st-2313-premium-gr-b","status":"publish","type":"product","link":"https:\/\/baldumarket.lt\/lt\/product\/hey-long-st-2313-premium-gr-b\/","title":{"rendered":"Hey Long ST-2313 Premium Gr-B"},"content":{"rendered":"<p>Dizainas: Pawlak &amp; Stawarski<br \/>\nModuliniai stalai, pagaminti i\u0161 nat\u016bralios medienos. Tai nauja HEY kolekcijos versija, kurios LONG versija leid\u017eia konstruoti \u012fvairaus ilgio stalus konferencij\u0173 sal\u0117ms ar darbo vietoms. Stalai turi prailginimo laido ang\u0105, pasiekiam\u0105 per stalvir\u0161yje esan\u010di\u0105 kilpel\u0119. Versijoje be kabelio kilpel\u0117s, HEY LONG kolekcijos stalai puikiai tiks ir \u0161iuolaikiniuose namuose.<\/p>","protected":false},"excerpt":{"rendered":"<p>Dizainas: \u201ePawlak &amp; Stawarski\u201c. Moduliniai stalai, pagaminti i\u0161 nat\u016bralios medienos. Tai nauja HEY kolekcijos versija, kurios ilgoji versija (LONG) leid\u017eia konstruoti \u012fvairaus ilgio stalus konferencij\u0173 sal\u0117ms ar darbo vietoms. Stalai turi prailginimo laido ang\u0105, pasiekiam\u0105 per stalvir\u0161yje esan\u010di\u0105 kilpel\u0119. [\u2026]<\/p>","protected":false},"featured_media":105042,"comment_status":"open","ping_status":"closed","template":"","meta":[],"product_brand":[],"product_cat":[9133],"product_tag":[],"class_list":{"0":"post-105039","1":"product","2":"type-product","3":"status-publish","4":"has-post-thumbnail","6":"product_cat-grouped","8":"first","9":"instock","10":"shipping-taxable","11":"product-type-variable","12":"wvs-archive-product-wrapper"},"_links":{"self":[{"href":"https:\/\/baldumarket.lt\/lt\/wp-json\/wp\/v2\/product\/105039","targetHints":{"allow":["GET"]}}],"collection":[{"href":"https:\/\/baldumarket.lt\/lt\/wp-json\/wp\/v2\/product"}],"about":[{"href":"https:\/\/baldumarket.lt\/lt\/wp-json\/wp\/v2\/types\/product"}],"replies":[{"embeddable":true,"href":"https:\/\/baldumarket.lt\/lt\/wp-json\/wp\/v2\/comments?post=105039"}],"wp:featuredmedia":[{"embeddable":true,"href":"https:\/\/baldumarket.lt\/lt\/wp-json\/wp\/v2\/media\/105042"}],"wp:attachment":[{"href":"https:\/\/baldumarket.lt\/lt\/wp-json\/wp\/v2\/media?parent=105039"}],"wp:term":[{"taxonomy":"product_brand","embeddable":true,"href":"https:\/\/baldumarket.lt\/lt\/wp-json\/wp\/v2\/product_brand?post=105039"},{"taxonomy":"product_cat","embeddable":true,"href":"https:\/\/baldumarket.lt\/lt\/wp-json\/wp\/v2\/product_cat?post=105039"},{"taxonomy":"product_tag","embeddable":true,"href":"https:\/\/baldumarket.lt\/lt\/wp-json\/wp\/v2\/product_tag?post=105039"}],"curies":[{"name":"wp","href":"https:\/\/api.w.org\/{rel}","templated":true}]}}