{"id":104985,"date":"2025-12-08T03:25:42","date_gmt":"2025-12-08T00:25:42","guid":{"rendered":"https:\/\/baldumarket.lt\/?post_type=product&#038;p=104985"},"modified":"2026-04-12T00:58:30","modified_gmt":"2026-04-11T21:58:30","slug":"hey-long-st-2312-1-standard","status":"publish","type":"product","link":"https:\/\/baldumarket.lt\/lt\/product\/hey-long-st-2312-1-standard\/","title":{"rendered":"Hey Long ST-2312\/1 Standartinis"},"content":{"rendered":"<p>Dizainas: Pawlak &amp; Stawarski<br \/>\nModuliniai stalai, pagaminti i\u0161 nat\u016bralios medienos, yra naujausias HEY kolekcijos papildymas. LONG variantas leid\u017eia sukonstruoti \u012fvairaus ilgio stalus, tinkan\u010dius konferencij\u0173 sal\u0117ms ar darbo vietoms. \u0160ie stalai, sukurti atsi\u017evelgiant \u012f prakti\u0161kum\u0105, turi prailginimo ang\u0105, pasiekiam\u0105 per ang\u0105 stalvir\u0161yje. HEY LONG kolekcija puikiai derina funkcionalum\u0105 ir stili\u0173 \u0161iuolaikiniams namams, kuriuose nereikia tvarkyti laid\u0173.<\/p>","protected":false},"excerpt":{"rendered":"<p>Dizainas: \u201ePawlak &amp; Stawarski\u201c moduliniai stalai, pagaminti i\u0161 nat\u016bralios medienos, yra naujausias HEY kolekcijos papildymas. LONG variantas leid\u017eia sukonstruoti \u012fvairaus ilgio stalus, tinkan\u010dius konferencij\u0173 sal\u0117ms ar darbo vietoms. \u0160ie stalai, sukurti atsi\u017evelgiant \u012f prakti\u0161kum\u0105, turi prailginimo ang\u0105, pasiekiam\u0105 per ang\u0105 stalvir\u0161yje. Skirti [\u2026]<\/p>","protected":false},"featured_media":105007,"comment_status":"open","ping_status":"closed","template":"","meta":[],"product_brand":[],"product_cat":[9133],"product_tag":[],"class_list":{"0":"post-104985","1":"product","2":"type-product","3":"status-publish","4":"has-post-thumbnail","6":"product_cat-grouped","8":"first","9":"instock","10":"shipping-taxable","11":"product-type-variable","12":"wvs-archive-product-wrapper"},"_links":{"self":[{"href":"https:\/\/baldumarket.lt\/lt\/wp-json\/wp\/v2\/product\/104985","targetHints":{"allow":["GET"]}}],"collection":[{"href":"https:\/\/baldumarket.lt\/lt\/wp-json\/wp\/v2\/product"}],"about":[{"href":"https:\/\/baldumarket.lt\/lt\/wp-json\/wp\/v2\/types\/product"}],"replies":[{"embeddable":true,"href":"https:\/\/baldumarket.lt\/lt\/wp-json\/wp\/v2\/comments?post=104985"}],"wp:featuredmedia":[{"embeddable":true,"href":"https:\/\/baldumarket.lt\/lt\/wp-json\/wp\/v2\/media\/105007"}],"wp:attachment":[{"href":"https:\/\/baldumarket.lt\/lt\/wp-json\/wp\/v2\/media?parent=104985"}],"wp:term":[{"taxonomy":"product_brand","embeddable":true,"href":"https:\/\/baldumarket.lt\/lt\/wp-json\/wp\/v2\/product_brand?post=104985"},{"taxonomy":"product_cat","embeddable":true,"href":"https:\/\/baldumarket.lt\/lt\/wp-json\/wp\/v2\/product_cat?post=104985"},{"taxonomy":"product_tag","embeddable":true,"href":"https:\/\/baldumarket.lt\/lt\/wp-json\/wp\/v2\/product_tag?post=104985"}],"curies":[{"name":"wp","href":"https:\/\/api.w.org\/{rel}","templated":true}]}}