{"id":104894,"date":"2025-12-08T03:17:27","date_gmt":"2025-12-08T00:17:27","guid":{"rendered":"https:\/\/baldumarket.lt\/?post_type=product&#038;p=104894"},"modified":"2026-04-12T00:52:17","modified_gmt":"2026-04-11T21:52:17","slug":"finn-t-1609-33-standard-gr-c","status":"publish","type":"product","link":"https:\/\/baldumarket.lt\/lt\/product\/finn-t-1609-33-standard-gr-c\/","title":{"rendered":"Finn T-1609\/33 Standartinis Gr-C"},"content":{"rendered":"<p>Dizainas: BUCK.STUDIO<br \/>\n\u201eFinn\u201c kolekcijoje gausu s\u0117dyni\u0173 ir tabureti\u0173, sukurt\u0173 kruop\u0161\u010diai apgalvojus detales, o ne\u012fprasta trikamp\u0117 forma subtiliai perteikia retro estetik\u0105. \u201eFinn\u201c \u2013 tai patogi, patrauklaus dizaino ir funkcionaliai \u012fvairi medini\u0173 s\u0117dim\u0173j\u0173 bald\u0173 \u0161eima. Keturi skirtingi tabure\u010di\u0173 auk\u0161\u010diai tinka tiek vie\u0161osioms erdv\u0117ms, tokioms kaip restoranai ir barai, tiek nam\u0173 virtuv\u0117ms, valgomiesiems ir net vaik\u0173 kambariams.<\/p>","protected":false},"excerpt":{"rendered":"<p>Dizainas: BUCK.STUDIO \u201eFinn\u201c kolekcijoje gausu s\u0117dyni\u0173 ir tabureti\u0173, sukurt\u0173 kruop\u0161\u010diai apgalvojus detales, ne\u012fprasta trikamp\u0117 forma subtiliai perteikia retro estetik\u0105. \u201eFinn\u201c \u2013 tai patogi, patrauklaus dizaino ir funkcionaliai \u012fvairi medini\u0173 s\u0117dim\u0173j\u0173 bald\u0173 \u0161eima. Keturi skirtingi tabureti\u0173 auk\u0161\u010diai tinka tiek vie\u0161osioms erdv\u0117ms, tokioms kaip restoranai ir barai, [\u2026]<\/p>","protected":false},"featured_media":104910,"comment_status":"open","ping_status":"closed","template":"","meta":[],"product_brand":[],"product_cat":[9133],"product_tag":[],"class_list":{"0":"post-104894","1":"product","2":"type-product","3":"status-publish","4":"has-post-thumbnail","6":"product_cat-grouped","8":"first","9":"instock","10":"shipping-taxable","11":"product-type-variable","12":"wvs-archive-product-wrapper"},"_links":{"self":[{"href":"https:\/\/baldumarket.lt\/lt\/wp-json\/wp\/v2\/product\/104894","targetHints":{"allow":["GET"]}}],"collection":[{"href":"https:\/\/baldumarket.lt\/lt\/wp-json\/wp\/v2\/product"}],"about":[{"href":"https:\/\/baldumarket.lt\/lt\/wp-json\/wp\/v2\/types\/product"}],"replies":[{"embeddable":true,"href":"https:\/\/baldumarket.lt\/lt\/wp-json\/wp\/v2\/comments?post=104894"}],"wp:featuredmedia":[{"embeddable":true,"href":"https:\/\/baldumarket.lt\/lt\/wp-json\/wp\/v2\/media\/104910"}],"wp:attachment":[{"href":"https:\/\/baldumarket.lt\/lt\/wp-json\/wp\/v2\/media?parent=104894"}],"wp:term":[{"taxonomy":"product_brand","embeddable":true,"href":"https:\/\/baldumarket.lt\/lt\/wp-json\/wp\/v2\/product_brand?post=104894"},{"taxonomy":"product_cat","embeddable":true,"href":"https:\/\/baldumarket.lt\/lt\/wp-json\/wp\/v2\/product_cat?post=104894"},{"taxonomy":"product_tag","embeddable":true,"href":"https:\/\/baldumarket.lt\/lt\/wp-json\/wp\/v2\/product_tag?post=104894"}],"curies":[{"name":"wp","href":"https:\/\/api.w.org\/{rel}","templated":true}]}}