{"id":104757,"date":"2025-12-08T03:05:04","date_gmt":"2025-12-08T00:05:04","guid":{"rendered":"https:\/\/baldumarket.lt\/?post_type=product&#038;p=104757"},"modified":"2026-02-11T02:40:27","modified_gmt":"2026-02-10T23:40:27","slug":"finn-a-1609-premium-gr-l1","status":"publish","type":"product","link":"https:\/\/baldumarket.lt\/lt\/product\/finn-a-1609-premium-gr-l1\/","title":{"rendered":"Finn A-1609 Premium Gr-L1"},"content":{"rendered":"<p>\u201eFinn\u201c \u2013 tai klasikin\u0117 k\u0117d\u0117, kurios i\u0161takos siekia \u0161e\u0161t\u0105j\u012f de\u0161imtmet\u012f. Ergonomi\u0161ka, lengva ir patogi forma bei paprastas, universalus dizainas u\u017etikrino ilgalaik\u012f jos populiarum\u0105.<\/p>","protected":false},"excerpt":{"rendered":"<p>\u201eFinn\u201c \u2013 tai klasikin\u0117 k\u0117d\u0117, kurios i\u0161takos siekia \u0161e\u0161t\u0105j\u012f de\u0161imtmet\u012f. Ergonomi\u0161ka, lengva ir patogi forma bei paprastas, universalus dizainas u\u017etikrino ilgalaik\u012f jos populiarum\u0105.<\/p>","protected":false},"featured_media":104749,"comment_status":"open","ping_status":"closed","template":"","meta":[],"product_brand":[],"product_cat":[9133],"product_tag":[],"class_list":{"0":"post-104757","1":"product","2":"type-product","3":"status-publish","4":"has-post-thumbnail","6":"product_cat-grouped","8":"first","9":"instock","10":"shipping-taxable","11":"product-type-variable","12":"wvs-archive-product-wrapper"},"_links":{"self":[{"href":"https:\/\/baldumarket.lt\/lt\/wp-json\/wp\/v2\/product\/104757","targetHints":{"allow":["GET"]}}],"collection":[{"href":"https:\/\/baldumarket.lt\/lt\/wp-json\/wp\/v2\/product"}],"about":[{"href":"https:\/\/baldumarket.lt\/lt\/wp-json\/wp\/v2\/types\/product"}],"replies":[{"embeddable":true,"href":"https:\/\/baldumarket.lt\/lt\/wp-json\/wp\/v2\/comments?post=104757"}],"wp:featuredmedia":[{"embeddable":true,"href":"https:\/\/baldumarket.lt\/lt\/wp-json\/wp\/v2\/media\/104749"}],"wp:attachment":[{"href":"https:\/\/baldumarket.lt\/lt\/wp-json\/wp\/v2\/media?parent=104757"}],"wp:term":[{"taxonomy":"product_brand","embeddable":true,"href":"https:\/\/baldumarket.lt\/lt\/wp-json\/wp\/v2\/product_brand?post=104757"},{"taxonomy":"product_cat","embeddable":true,"href":"https:\/\/baldumarket.lt\/lt\/wp-json\/wp\/v2\/product_cat?post=104757"},{"taxonomy":"product_tag","embeddable":true,"href":"https:\/\/baldumarket.lt\/lt\/wp-json\/wp\/v2\/product_tag?post=104757"}],"curies":[{"name":"wp","href":"https:\/\/api.w.org\/{rel}","templated":true}]}}