{"id":104706,"date":"2025-12-08T03:00:43","date_gmt":"2025-12-08T00:00:43","guid":{"rendered":"https:\/\/baldumarket.lt\/?post_type=product&#038;p=104706"},"modified":"2026-04-13T17:25:15","modified_gmt":"2026-04-13T14:25:15","slug":"fame-b-0620-standard-gr-l2","status":"publish","type":"product","link":"https:\/\/baldumarket.lt\/lt\/product\/fame-b-0620-standard-gr-l2\/","title":{"rendered":"Fame B-0620 Standartinis Gr-L2"},"content":{"rendered":"<p>\u201eFame\u201c \u2013 minimalistinis, eleganti\u0161kas fotelis su mink\u0161ta s\u0117dyne. Puikiai tinka ne tik restoranams, bet ir gyvenam\u0173j\u0173 nam\u0173 interjerui. Formos paprastumas pabr\u0117\u017eia medin\u0117s konstrukcijos elegancij\u0105. Taip pat galima \u012fsigyti \u0161ios kolekcijos kr\u0117slo versij\u0105.<\/p>","protected":false},"excerpt":{"rendered":"<p>\u201eFame\u201c \u2013 minimalistinis, eleganti\u0161kas fotelis su mink\u0161ta s\u0117dyne. Puikiai tinka ne tik restoranams, bet ir gyvenam\u0173j\u0173 nam\u0173 interjerui. Formos paprastumas pabr\u0117\u017eia medin\u0117s konstrukcijos elegancij\u0105. Taip pat galima \u012fsigyti \u0161ios kolekcijos kr\u0117slo versij\u0105.<\/p>","protected":false},"featured_media":104715,"comment_status":"open","ping_status":"closed","template":"","meta":[],"product_brand":[],"product_cat":[9133],"product_tag":[],"class_list":{"0":"post-104706","1":"product","2":"type-product","3":"status-publish","4":"has-post-thumbnail","6":"product_cat-grouped","8":"first","9":"instock","10":"shipping-taxable","11":"product-type-variable","12":"wvs-archive-product-wrapper"},"_links":{"self":[{"href":"https:\/\/baldumarket.lt\/lt\/wp-json\/wp\/v2\/product\/104706","targetHints":{"allow":["GET"]}}],"collection":[{"href":"https:\/\/baldumarket.lt\/lt\/wp-json\/wp\/v2\/product"}],"about":[{"href":"https:\/\/baldumarket.lt\/lt\/wp-json\/wp\/v2\/types\/product"}],"replies":[{"embeddable":true,"href":"https:\/\/baldumarket.lt\/lt\/wp-json\/wp\/v2\/comments?post=104706"}],"wp:featuredmedia":[{"embeddable":true,"href":"https:\/\/baldumarket.lt\/lt\/wp-json\/wp\/v2\/media\/104715"}],"wp:attachment":[{"href":"https:\/\/baldumarket.lt\/lt\/wp-json\/wp\/v2\/media?parent=104706"}],"wp:term":[{"taxonomy":"product_brand","embeddable":true,"href":"https:\/\/baldumarket.lt\/lt\/wp-json\/wp\/v2\/product_brand?post=104706"},{"taxonomy":"product_cat","embeddable":true,"href":"https:\/\/baldumarket.lt\/lt\/wp-json\/wp\/v2\/product_cat?post=104706"},{"taxonomy":"product_tag","embeddable":true,"href":"https:\/\/baldumarket.lt\/lt\/wp-json\/wp\/v2\/product_tag?post=104706"}],"curies":[{"name":"wp","href":"https:\/\/api.w.org\/{rel}","templated":true}]}}