{"id":104679,"date":"2025-12-08T02:58:49","date_gmt":"2025-12-07T23:58:49","guid":{"rendered":"https:\/\/baldumarket.lt\/?post_type=product&#038;p=104679"},"modified":"2026-04-13T17:25:15","modified_gmt":"2026-04-13T14:25:15","slug":"fame-a-0620-premium-gr-b","status":"publish","type":"product","link":"https:\/\/baldumarket.lt\/lt\/product\/fame-a-0620-premium-gr-b\/","title":{"rendered":"\u0160lov\u0117 A-0620 Premium Gr-B"},"content":{"rendered":"<p>\u201eFame\u201c \u2013 minimalistin\u0117, eleganti\u0161ka k\u0117d\u0117, puikiai tinkanti ne tik restoranams, bet ir gyvenam\u0173j\u0173 nam\u0173 interjerui. Jos formos paprastumas pabr\u0117\u017eia medin\u0117s konstrukcijos elegancij\u0105. Taip pat galima \u012fsigyti fotelio versij\u0105 su apmu\u0161ta s\u0117dyne.<\/p>","protected":false},"excerpt":{"rendered":"<p>\u201eFame\u201c \u2013 minimalistin\u0117, eleganti\u0161ka k\u0117d\u0117, puikiai tinkanti ne tik restoranams, bet ir gyvenam\u0173j\u0173 nam\u0173 interjerui. Jos formos paprastumas pabr\u0117\u017eia medin\u0117s konstrukcijos elegancij\u0105. Taip pat galima \u012fsigyti fotelio versij\u0105 su apmu\u0161ta s\u0117dyne.<\/p>","protected":false},"featured_media":104683,"comment_status":"open","ping_status":"closed","template":"","meta":[],"product_brand":[],"product_cat":[9133],"product_tag":[],"class_list":{"0":"post-104679","1":"product","2":"type-product","3":"status-publish","4":"has-post-thumbnail","6":"product_cat-grouped","8":"first","9":"instock","10":"shipping-taxable","11":"product-type-variable","12":"wvs-archive-product-wrapper"},"_links":{"self":[{"href":"https:\/\/baldumarket.lt\/lt\/wp-json\/wp\/v2\/product\/104679","targetHints":{"allow":["GET"]}}],"collection":[{"href":"https:\/\/baldumarket.lt\/lt\/wp-json\/wp\/v2\/product"}],"about":[{"href":"https:\/\/baldumarket.lt\/lt\/wp-json\/wp\/v2\/types\/product"}],"replies":[{"embeddable":true,"href":"https:\/\/baldumarket.lt\/lt\/wp-json\/wp\/v2\/comments?post=104679"}],"wp:featuredmedia":[{"embeddable":true,"href":"https:\/\/baldumarket.lt\/lt\/wp-json\/wp\/v2\/media\/104683"}],"wp:attachment":[{"href":"https:\/\/baldumarket.lt\/lt\/wp-json\/wp\/v2\/media?parent=104679"}],"wp:term":[{"taxonomy":"product_brand","embeddable":true,"href":"https:\/\/baldumarket.lt\/lt\/wp-json\/wp\/v2\/product_brand?post=104679"},{"taxonomy":"product_cat","embeddable":true,"href":"https:\/\/baldumarket.lt\/lt\/wp-json\/wp\/v2\/product_cat?post=104679"},{"taxonomy":"product_tag","embeddable":true,"href":"https:\/\/baldumarket.lt\/lt\/wp-json\/wp\/v2\/product_tag?post=104679"}],"curies":[{"name":"wp","href":"https:\/\/api.w.org\/{rel}","templated":true}]}}