{"id":104635,"date":"2025-12-08T02:54:52","date_gmt":"2025-12-07T23:54:52","guid":{"rendered":"https:\/\/baldumarket.lt\/?post_type=product&#038;p=104635"},"modified":"2026-04-12T00:52:17","modified_gmt":"2026-04-11T21:52:17","slug":"fala-b-1906-standard-gr-d","status":"publish","type":"product","link":"https:\/\/baldumarket.lt\/lt\/product\/fala-b-1906-standard-gr-d\/","title":{"rendered":"Wave B-1906 Standartinis Gr-D"},"content":{"rendered":"<p>Dizainas: Olegas Puga\u010diovas<br \/>\n\u201eFala\u201c kolekcija \u2013 tai modernus po\u017ei\u016bris \u012f klasikin\u012f lenktos medienos paveld\u0105. \u201eFala\u201c foteli\u0173 \u0161velniai i\u0161lenkto atlo\u0161o \u0161velni linija subtiliai apgaubia s\u0117dint\u012fj\u012f. Geometrinis formos ai\u0161kumas gra\u017eiai dera su \u0161velniai i\u0161lenktais pavir\u0161iais ir linijomis. B\u016bdinga tradici\u0161kai i\u0161lenkt\u0173 galini\u0173 koj\u0173 forma yra pagrindinis, bendras visos \u201eFala\u201c kolekcijos bruo\u017eas. K\u0117d\u0117s yra sudedamos, tai rei\u0161kia, kad jas galima d\u0117ti vien\u0105 ant kitos.<\/p>","protected":false},"excerpt":{"rendered":"<p>Dizainas: Olegas Puga\u010diovas \u201eFala\u201c kolekcija \u2013 tai modernus po\u017ei\u016bris \u012f klasikin\u012f lenktos medienos paveld\u0105. \u201eFala\u201c foteliuose \u0161velniai i\u0161lenkto atlo\u0161o \u0161velni linija subtiliai apgaubia s\u0117dint\u012fj\u012f. Geometrinis formos ai\u0161kumas gra\u017eiai dera su \u0161velniai i\u0161lenktais pavir\u0161iais ir linijomis. B\u016bdinga tradici\u0161kai i\u0161lenkt\u0173 galini\u0173 kojeli\u0173 forma [\u2026]<\/p>","protected":false},"featured_media":104647,"comment_status":"open","ping_status":"closed","template":"","meta":[],"product_brand":[],"product_cat":[9133],"product_tag":[],"class_list":{"0":"post-104635","1":"product","2":"type-product","3":"status-publish","4":"has-post-thumbnail","6":"product_cat-grouped","8":"first","9":"instock","10":"shipping-taxable","11":"product-type-variable","12":"wvs-archive-product-wrapper"},"_links":{"self":[{"href":"https:\/\/baldumarket.lt\/lt\/wp-json\/wp\/v2\/product\/104635","targetHints":{"allow":["GET"]}}],"collection":[{"href":"https:\/\/baldumarket.lt\/lt\/wp-json\/wp\/v2\/product"}],"about":[{"href":"https:\/\/baldumarket.lt\/lt\/wp-json\/wp\/v2\/types\/product"}],"replies":[{"embeddable":true,"href":"https:\/\/baldumarket.lt\/lt\/wp-json\/wp\/v2\/comments?post=104635"}],"wp:featuredmedia":[{"embeddable":true,"href":"https:\/\/baldumarket.lt\/lt\/wp-json\/wp\/v2\/media\/104647"}],"wp:attachment":[{"href":"https:\/\/baldumarket.lt\/lt\/wp-json\/wp\/v2\/media?parent=104635"}],"wp:term":[{"taxonomy":"product_brand","embeddable":true,"href":"https:\/\/baldumarket.lt\/lt\/wp-json\/wp\/v2\/product_brand?post=104635"},{"taxonomy":"product_cat","embeddable":true,"href":"https:\/\/baldumarket.lt\/lt\/wp-json\/wp\/v2\/product_cat?post=104635"},{"taxonomy":"product_tag","embeddable":true,"href":"https:\/\/baldumarket.lt\/lt\/wp-json\/wp\/v2\/product_tag?post=104635"}],"curies":[{"name":"wp","href":"https:\/\/api.w.org\/{rel}","templated":true}]}}