{"id":104478,"date":"2025-12-08T02:41:34","date_gmt":"2025-12-07T23:41:34","guid":{"rendered":"https:\/\/baldumarket.lt\/?post_type=product&#038;p=104478"},"modified":"2026-02-11T01:57:00","modified_gmt":"2026-02-10T22:57:00","slug":"diana-a-0253-premium-gr-a","status":"publish","type":"product","link":"https:\/\/baldumarket.lt\/lt\/product\/diana-a-0253-premium-gr-a\/","title":{"rendered":"Diana A-0253 Premium Gr-A"},"content":{"rendered":"<p>Dizainas: Charaziak Design<br \/>\n\u201eDiana\u201c kolekcija yra viena perkamiausi\u0173 klasikini\u0173 k\u0117d\u017ei\u0173. I\u0161skirtin\u0117 elipsin\u0117 atlo\u0161o forma padar\u0117 \u0161\u012f model\u012f ne\u012ftik\u0117tinai populiar\u0173. Kolekcij\u0105 sudaro k\u0117d\u0117, k\u0117d\u0117 su porankiais ir baro k\u0117d\u0117.<\/p>","protected":false},"excerpt":{"rendered":"<p>Dizainas: \u201eCharaziak Design\u201c. \u201eDiana\u201c kolekcija yra viena perkamiausi\u0173 klasikini\u0173 k\u0117d\u017ei\u0173. I\u0161skirtin\u0117 elipsin\u0117 atlo\u0161o forma padar\u0117 \u0161\u012f model\u012f ne\u012ftik\u0117tinai populiar\u0173. Kolekcij\u0105 sudaro k\u0117d\u0117, k\u0117d\u0117 su porankiais ir baro k\u0117d\u0117.<\/p>","protected":false},"featured_media":104484,"comment_status":"open","ping_status":"closed","template":"","meta":[],"product_brand":[],"product_cat":[9133],"product_tag":[],"class_list":{"0":"post-104478","1":"product","2":"type-product","3":"status-publish","4":"has-post-thumbnail","6":"product_cat-grouped","8":"first","9":"instock","10":"shipping-taxable","11":"product-type-variable","12":"wvs-archive-product-wrapper"},"_links":{"self":[{"href":"https:\/\/baldumarket.lt\/lt\/wp-json\/wp\/v2\/product\/104478","targetHints":{"allow":["GET"]}}],"collection":[{"href":"https:\/\/baldumarket.lt\/lt\/wp-json\/wp\/v2\/product"}],"about":[{"href":"https:\/\/baldumarket.lt\/lt\/wp-json\/wp\/v2\/types\/product"}],"replies":[{"embeddable":true,"href":"https:\/\/baldumarket.lt\/lt\/wp-json\/wp\/v2\/comments?post=104478"}],"wp:featuredmedia":[{"embeddable":true,"href":"https:\/\/baldumarket.lt\/lt\/wp-json\/wp\/v2\/media\/104484"}],"wp:attachment":[{"href":"https:\/\/baldumarket.lt\/lt\/wp-json\/wp\/v2\/media?parent=104478"}],"wp:term":[{"taxonomy":"product_brand","embeddable":true,"href":"https:\/\/baldumarket.lt\/lt\/wp-json\/wp\/v2\/product_brand?post=104478"},{"taxonomy":"product_cat","embeddable":true,"href":"https:\/\/baldumarket.lt\/lt\/wp-json\/wp\/v2\/product_cat?post=104478"},{"taxonomy":"product_tag","embeddable":true,"href":"https:\/\/baldumarket.lt\/lt\/wp-json\/wp\/v2\/product_tag?post=104478"}],"curies":[{"name":"wp","href":"https:\/\/api.w.org\/{rel}","templated":true}]}}