{"id":104466,"date":"2025-12-08T02:40:02","date_gmt":"2025-12-07T23:40:02","guid":{"rendered":"https:\/\/baldumarket.lt\/?post_type=product&#038;p=104466"},"modified":"2026-04-12T00:52:17","modified_gmt":"2026-04-11T21:52:17","slug":"diana-a-0253-standard-gr-b","status":"publish","type":"product","link":"https:\/\/baldumarket.lt\/lt\/product\/diana-a-0253-standard-gr-b\/","title":{"rendered":"Diana A-0253 Standartinis Gr-B"},"content":{"rendered":"<p>Dizainas: Charaziak Design<br \/>\n\u201eDiana\u201c kolekcija yra viena perkamiausi\u0173 klasikini\u0173 k\u0117d\u017ei\u0173. I\u0161skirtin\u0117 elipsin\u0117 atlo\u0161o forma padar\u0117 \u0161\u012f model\u012f ne\u012ftik\u0117tinai populiar\u0173. Kolekcij\u0105 sudaro k\u0117d\u0117, k\u0117d\u0117 su porankiais ir baro k\u0117d\u0117.<\/p>","protected":false},"excerpt":{"rendered":"<p>Dizainas: \u201eCharaziak Design\u201c. \u201eDiana\u201c kolekcija yra viena perkamiausi\u0173 klasikini\u0173 k\u0117d\u017ei\u0173. I\u0161skirtin\u0117 elipsin\u0117 atlo\u0161o forma padar\u0117 \u0161\u012f model\u012f ne\u012ftik\u0117tinai populiar\u0173. Kolekcij\u0105 sudaro k\u0117d\u0117, k\u0117d\u0117 su porankiais ir baro k\u0117d\u0117.<\/p>","protected":false},"featured_media":104484,"comment_status":"open","ping_status":"closed","template":"","meta":[],"product_brand":[],"product_cat":[9133],"product_tag":[],"class_list":{"0":"post-104466","1":"product","2":"type-product","3":"status-publish","4":"has-post-thumbnail","6":"product_cat-grouped","8":"first","9":"instock","10":"shipping-taxable","11":"product-type-variable","12":"wvs-archive-product-wrapper"},"_links":{"self":[{"href":"https:\/\/baldumarket.lt\/lt\/wp-json\/wp\/v2\/product\/104466","targetHints":{"allow":["GET"]}}],"collection":[{"href":"https:\/\/baldumarket.lt\/lt\/wp-json\/wp\/v2\/product"}],"about":[{"href":"https:\/\/baldumarket.lt\/lt\/wp-json\/wp\/v2\/types\/product"}],"replies":[{"embeddable":true,"href":"https:\/\/baldumarket.lt\/lt\/wp-json\/wp\/v2\/comments?post=104466"}],"wp:featuredmedia":[{"embeddable":true,"href":"https:\/\/baldumarket.lt\/lt\/wp-json\/wp\/v2\/media\/104484"}],"wp:attachment":[{"href":"https:\/\/baldumarket.lt\/lt\/wp-json\/wp\/v2\/media?parent=104466"}],"wp:term":[{"taxonomy":"product_brand","embeddable":true,"href":"https:\/\/baldumarket.lt\/lt\/wp-json\/wp\/v2\/product_brand?post=104466"},{"taxonomy":"product_cat","embeddable":true,"href":"https:\/\/baldumarket.lt\/lt\/wp-json\/wp\/v2\/product_cat?post=104466"},{"taxonomy":"product_tag","embeddable":true,"href":"https:\/\/baldumarket.lt\/lt\/wp-json\/wp\/v2\/product_tag?post=104466"}],"curies":[{"name":"wp","href":"https:\/\/api.w.org\/{rel}","templated":true}]}}