{"id":104439,"date":"2025-12-08T02:37:34","date_gmt":"2025-12-07T23:37:34","guid":{"rendered":"https:\/\/baldumarket.lt\/?post_type=product&#038;p=104439"},"modified":"2026-04-12T18:19:39","modified_gmt":"2026-04-12T15:19:39","slug":"cube-b-1523-standard-gr-l1","status":"publish","type":"product","link":"https:\/\/baldumarket.lt\/lt\/product\/cube-b-1523-standard-gr-l1\/","title":{"rendered":"Kubas B-1523 Standartinis Gr-L1"},"content":{"rendered":"<p>Dizainas: STROOG Andrzej L\u0119cko\u015b<br \/>\n\u201eCube\u201c \u2013 tai visi\u0161kai apmu\u0161ta, \u017eema populiarios kibirin\u0117s formos k\u0117d\u0117s forma. A\u017e\u016brinis atlo\u0161as suteikia jai lengvumo ir modernumo.<\/p>","protected":false},"excerpt":{"rendered":"<p>Dizainas: STROOG Andrzej L\u0119cko\u015b \u201eCube\u201c \u2013 tai visi\u0161kai apmu\u0161ta, \u017eema populiarios kibirin\u0117s formos k\u0117d\u0117s forma. A\u017e\u016brinis atlo\u0161as suteikia jai lengvumo ir modernumo.<\/p>","protected":false},"featured_media":104451,"comment_status":"open","ping_status":"closed","template":"","meta":[],"product_brand":[],"product_cat":[9133],"product_tag":[],"class_list":{"0":"post-104439","1":"product","2":"type-product","3":"status-publish","4":"has-post-thumbnail","6":"product_cat-grouped","8":"first","9":"instock","10":"shipping-taxable","11":"product-type-variable","12":"wvs-archive-product-wrapper"},"_links":{"self":[{"href":"https:\/\/baldumarket.lt\/lt\/wp-json\/wp\/v2\/product\/104439","targetHints":{"allow":["GET"]}}],"collection":[{"href":"https:\/\/baldumarket.lt\/lt\/wp-json\/wp\/v2\/product"}],"about":[{"href":"https:\/\/baldumarket.lt\/lt\/wp-json\/wp\/v2\/types\/product"}],"replies":[{"embeddable":true,"href":"https:\/\/baldumarket.lt\/lt\/wp-json\/wp\/v2\/comments?post=104439"}],"wp:featuredmedia":[{"embeddable":true,"href":"https:\/\/baldumarket.lt\/lt\/wp-json\/wp\/v2\/media\/104451"}],"wp:attachment":[{"href":"https:\/\/baldumarket.lt\/lt\/wp-json\/wp\/v2\/media?parent=104439"}],"wp:term":[{"taxonomy":"product_brand","embeddable":true,"href":"https:\/\/baldumarket.lt\/lt\/wp-json\/wp\/v2\/product_brand?post=104439"},{"taxonomy":"product_cat","embeddable":true,"href":"https:\/\/baldumarket.lt\/lt\/wp-json\/wp\/v2\/product_cat?post=104439"},{"taxonomy":"product_tag","embeddable":true,"href":"https:\/\/baldumarket.lt\/lt\/wp-json\/wp\/v2\/product_tag?post=104439"}],"curies":[{"name":"wp","href":"https:\/\/api.w.org\/{rel}","templated":true}]}}