{"id":104395,"date":"2025-12-08T02:33:56","date_gmt":"2025-12-07T23:33:56","guid":{"rendered":"https:\/\/baldumarket.lt\/?post_type=product&#038;p=104395"},"modified":"2026-04-12T18:05:57","modified_gmt":"2026-04-12T15:05:57","slug":"comfy-a-423-premium-gr-l2","status":"publish","type":"product","link":"https:\/\/baldumarket.lt\/lt\/product\/comfy-a-423-premium-gr-l2\/","title":{"rendered":"Patogus A-423 Premium Gr-L2"},"content":{"rendered":"<p>\u201eComfy\u201c \u2013 labai klasikin\u0117 k\u0117d\u0117, puikiai tinkanti tradiciniam dvaro ar r\u016bm\u0173 stiliaus interjerui. Atlo\u0161e yra frezuota anga, kad b\u016bt\u0173 lengva suimti ir perkelti.<\/p>","protected":false},"excerpt":{"rendered":"<p>\u201eComfy\u201c \u2013 labai klasikin\u0117 k\u0117d\u0117, puikiai tinkanti tradiciniam dvaro ar r\u016bm\u0173 stiliaus interjerui. Atlo\u0161e yra frezuota anga, kad b\u016bt\u0173 lengva suimti ir perkelti.<\/p>","protected":false},"featured_media":104383,"comment_status":"open","ping_status":"closed","template":"","meta":[],"product_brand":[],"product_cat":[9133],"product_tag":[],"class_list":{"0":"post-104395","1":"product","2":"type-product","3":"status-publish","4":"has-post-thumbnail","6":"product_cat-grouped","8":"first","9":"instock","10":"shipping-taxable","11":"product-type-variable","12":"wvs-archive-product-wrapper"},"_links":{"self":[{"href":"https:\/\/baldumarket.lt\/lt\/wp-json\/wp\/v2\/product\/104395","targetHints":{"allow":["GET"]}}],"collection":[{"href":"https:\/\/baldumarket.lt\/lt\/wp-json\/wp\/v2\/product"}],"about":[{"href":"https:\/\/baldumarket.lt\/lt\/wp-json\/wp\/v2\/types\/product"}],"replies":[{"embeddable":true,"href":"https:\/\/baldumarket.lt\/lt\/wp-json\/wp\/v2\/comments?post=104395"}],"wp:featuredmedia":[{"embeddable":true,"href":"https:\/\/baldumarket.lt\/lt\/wp-json\/wp\/v2\/media\/104383"}],"wp:attachment":[{"href":"https:\/\/baldumarket.lt\/lt\/wp-json\/wp\/v2\/media?parent=104395"}],"wp:term":[{"taxonomy":"product_brand","embeddable":true,"href":"https:\/\/baldumarket.lt\/lt\/wp-json\/wp\/v2\/product_brand?post=104395"},{"taxonomy":"product_cat","embeddable":true,"href":"https:\/\/baldumarket.lt\/lt\/wp-json\/wp\/v2\/product_cat?post=104395"},{"taxonomy":"product_tag","embeddable":true,"href":"https:\/\/baldumarket.lt\/lt\/wp-json\/wp\/v2\/product_tag?post=104395"}],"curies":[{"name":"wp","href":"https:\/\/api.w.org\/{rel}","templated":true}]}}