{"id":104373,"date":"2025-12-08T02:31:52","date_gmt":"2025-12-07T23:31:52","guid":{"rendered":"https:\/\/baldumarket.lt\/?post_type=product&#038;p=104373"},"modified":"2026-04-12T18:07:27","modified_gmt":"2026-04-12T15:07:27","slug":"comfy-a-423-standard-gr-l1","status":"publish","type":"product","link":"https:\/\/baldumarket.lt\/lt\/product\/comfy-a-423-standard-gr-l1\/","title":{"rendered":"Comfy A-423 Standartinis Gr-L1"},"content":{"rendered":"<p>\u201eComfy\u201c \u2013 labai klasikin\u0117 k\u0117d\u0117, puikiai tinkanti tradiciniam dvaro ar r\u016bm\u0173 stiliaus interjerui. Atlo\u0161e yra frezuota anga, kad b\u016bt\u0173 lengva suimti ir perkelti.<\/p>","protected":false},"excerpt":{"rendered":"<p>\u201eComfy\u201c \u2013 labai klasikin\u0117 k\u0117d\u0117, puikiai tinkanti tradiciniam dvaro ar r\u016bm\u0173 stiliaus interjerui. Atlo\u0161e yra frezuota anga, kad b\u016bt\u0173 lengva suimti ir perkelti.<\/p>","protected":false},"featured_media":104383,"comment_status":"open","ping_status":"closed","template":"","meta":[],"product_brand":[],"product_cat":[9133],"product_tag":[],"class_list":{"0":"post-104373","1":"product","2":"type-product","3":"status-publish","4":"has-post-thumbnail","6":"product_cat-grouped","8":"first","9":"instock","10":"shipping-taxable","11":"product-type-variable","12":"wvs-archive-product-wrapper"},"_links":{"self":[{"href":"https:\/\/baldumarket.lt\/lt\/wp-json\/wp\/v2\/product\/104373","targetHints":{"allow":["GET"]}}],"collection":[{"href":"https:\/\/baldumarket.lt\/lt\/wp-json\/wp\/v2\/product"}],"about":[{"href":"https:\/\/baldumarket.lt\/lt\/wp-json\/wp\/v2\/types\/product"}],"replies":[{"embeddable":true,"href":"https:\/\/baldumarket.lt\/lt\/wp-json\/wp\/v2\/comments?post=104373"}],"wp:featuredmedia":[{"embeddable":true,"href":"https:\/\/baldumarket.lt\/lt\/wp-json\/wp\/v2\/media\/104383"}],"wp:attachment":[{"href":"https:\/\/baldumarket.lt\/lt\/wp-json\/wp\/v2\/media?parent=104373"}],"wp:term":[{"taxonomy":"product_brand","embeddable":true,"href":"https:\/\/baldumarket.lt\/lt\/wp-json\/wp\/v2\/product_brand?post=104373"},{"taxonomy":"product_cat","embeddable":true,"href":"https:\/\/baldumarket.lt\/lt\/wp-json\/wp\/v2\/product_cat?post=104373"},{"taxonomy":"product_tag","embeddable":true,"href":"https:\/\/baldumarket.lt\/lt\/wp-json\/wp\/v2\/product_tag?post=104373"}],"curies":[{"name":"wp","href":"https:\/\/api.w.org\/{rel}","templated":true}]}}