{"id":104299,"date":"2025-12-08T02:25:22","date_gmt":"2025-12-07T23:25:22","guid":{"rendered":"https:\/\/baldumarket.lt\/?post_type=product&#038;p=104299"},"modified":"2026-04-12T00:52:17","modified_gmt":"2026-04-11T21:52:17","slug":"cleo-bst-1603-standard-gr-a","status":"publish","type":"product","link":"https:\/\/baldumarket.lt\/lt\/product\/cleo-bst-1603-standard-gr-a\/","title":{"rendered":"Cleo BST-1603 Standartinis Gr-A"},"content":{"rendered":"<p>Dizainas: STROOG Andrzej L\u0119cko\u015b<br \/>\n\u201eCleo\u201c \u2013 tai labai populiari\u0173 ir patogi\u0173 baro k\u0117d\u017ei\u0173 \u0161eima, idealiai tinkanti restoranams. \u0160i k\u0117d\u0117s versija yra visi\u0161kai apmu\u0161ta. Taip pat galima \u012fsigyti \u201eCleo\u201c versij\u0105 su fanera i\u0161 BST-1605 s\u0117dyn\u0117s apa\u010dios.<\/p>","protected":false},"excerpt":{"rendered":"<p>Dizainas: STROOG Andrzej L\u0119cko\u015b \u201eCleo\u201c \u2013 tai labai populiari\u0173 ir patogi\u0173 baro k\u0117d\u017ei\u0173 \u0161eima, idealiai tinkanti restoranams. \u0160i k\u0117d\u0117s versija yra visi\u0161kai apmu\u0161ta. Taip pat galima \u012fsigyti \u201eCleo\u201c versij\u0105 su fanera i\u0161 BST-1605 s\u0117dyn\u0117s apa\u010dios.<\/p>","protected":false},"featured_media":104317,"comment_status":"open","ping_status":"closed","template":"","meta":[],"product_brand":[],"product_cat":[9133],"product_tag":[],"class_list":{"0":"post-104299","1":"product","2":"type-product","3":"status-publish","4":"has-post-thumbnail","6":"product_cat-grouped","8":"first","9":"instock","10":"shipping-taxable","11":"product-type-variable","12":"wvs-archive-product-wrapper"},"_links":{"self":[{"href":"https:\/\/baldumarket.lt\/lt\/wp-json\/wp\/v2\/product\/104299","targetHints":{"allow":["GET"]}}],"collection":[{"href":"https:\/\/baldumarket.lt\/lt\/wp-json\/wp\/v2\/product"}],"about":[{"href":"https:\/\/baldumarket.lt\/lt\/wp-json\/wp\/v2\/types\/product"}],"replies":[{"embeddable":true,"href":"https:\/\/baldumarket.lt\/lt\/wp-json\/wp\/v2\/comments?post=104299"}],"wp:featuredmedia":[{"embeddable":true,"href":"https:\/\/baldumarket.lt\/lt\/wp-json\/wp\/v2\/media\/104317"}],"wp:attachment":[{"href":"https:\/\/baldumarket.lt\/lt\/wp-json\/wp\/v2\/media?parent=104299"}],"wp:term":[{"taxonomy":"product_brand","embeddable":true,"href":"https:\/\/baldumarket.lt\/lt\/wp-json\/wp\/v2\/product_brand?post=104299"},{"taxonomy":"product_cat","embeddable":true,"href":"https:\/\/baldumarket.lt\/lt\/wp-json\/wp\/v2\/product_cat?post=104299"},{"taxonomy":"product_tag","embeddable":true,"href":"https:\/\/baldumarket.lt\/lt\/wp-json\/wp\/v2\/product_tag?post=104299"}],"curies":[{"name":"wp","href":"https:\/\/api.w.org\/{rel}","templated":true}]}}