{"id":104132,"date":"2025-12-08T02:09:08","date_gmt":"2025-12-07T23:09:08","guid":{"rendered":"https:\/\/baldumarket.lt\/?post_type=product&#038;p=104132"},"modified":"2026-04-12T00:58:30","modified_gmt":"2026-04-11T21:58:30","slug":"cleo-a-1602-standard","status":"publish","type":"product","link":"https:\/\/baldumarket.lt\/lt\/product\/cleo-a-1602-standard\/","title":{"rendered":"Cleo A-1602 Standartinis"},"content":{"rendered":"<p>Dizainas: STROOG Andrzej L\u0119cko\u015b<br \/>\n\u201eCleo\u201c \u2013 tai labai populiari\u0173, patogi\u0173 ir ergonomi\u0161k\u0173 k\u0117d\u017ei\u0173 \u0161eima, idealiai tinkanti tiek restoranams, tiek valgomiesiems. \u201eCleo\u201c k\u0117d\u0117s si\u016blomos \u012fvairi\u0173 versij\u0173: nuo vien medini\u0173, pagamint\u0173 i\u0161 vieno faneros lapo, iki pilnai apmu\u0161t\u0173 versij\u0173.<\/p>","protected":false},"excerpt":{"rendered":"<p>Dizainas: STROOG Andrzej L\u0119cko\u015b \u201eCleo\u201c \u2013 tai labai populiari\u0173, patogi\u0173 ir ergonomi\u0161k\u0173 k\u0117d\u017ei\u0173 \u0161eima, idealiai tinkanti tiek restoranams, tiek valgomiesiems. \u201eCleo\u201c k\u0117d\u0117s si\u016blomos \u012fvairi\u0173 versij\u0173: nuo vien medin\u0117s versijos, pagamintos i\u0161 vieno faneros lapo, iki pilnai apmu\u0161tos versijos.<\/p>","protected":false},"featured_media":104152,"comment_status":"open","ping_status":"closed","template":"","meta":[],"product_brand":[],"product_cat":[9133],"product_tag":[],"class_list":{"0":"post-104132","1":"product","2":"type-product","3":"status-publish","4":"has-post-thumbnail","6":"product_cat-grouped","8":"first","9":"instock","10":"shipping-taxable","11":"product-type-variable","12":"wvs-archive-product-wrapper"},"_links":{"self":[{"href":"https:\/\/baldumarket.lt\/lt\/wp-json\/wp\/v2\/product\/104132","targetHints":{"allow":["GET"]}}],"collection":[{"href":"https:\/\/baldumarket.lt\/lt\/wp-json\/wp\/v2\/product"}],"about":[{"href":"https:\/\/baldumarket.lt\/lt\/wp-json\/wp\/v2\/types\/product"}],"replies":[{"embeddable":true,"href":"https:\/\/baldumarket.lt\/lt\/wp-json\/wp\/v2\/comments?post=104132"}],"wp:featuredmedia":[{"embeddable":true,"href":"https:\/\/baldumarket.lt\/lt\/wp-json\/wp\/v2\/media\/104152"}],"wp:attachment":[{"href":"https:\/\/baldumarket.lt\/lt\/wp-json\/wp\/v2\/media?parent=104132"}],"wp:term":[{"taxonomy":"product_brand","embeddable":true,"href":"https:\/\/baldumarket.lt\/lt\/wp-json\/wp\/v2\/product_brand?post=104132"},{"taxonomy":"product_cat","embeddable":true,"href":"https:\/\/baldumarket.lt\/lt\/wp-json\/wp\/v2\/product_cat?post=104132"},{"taxonomy":"product_tag","embeddable":true,"href":"https:\/\/baldumarket.lt\/lt\/wp-json\/wp\/v2\/product_tag?post=104132"}],"curies":[{"name":"wp","href":"https:\/\/api.w.org\/{rel}","templated":true}]}}