{"id":104067,"date":"2025-12-08T02:02:27","date_gmt":"2025-12-07T23:02:27","guid":{"rendered":"https:\/\/baldumarket.lt\/?post_type=product&#038;p=104067"},"modified":"2026-04-12T15:27:01","modified_gmt":"2026-04-12T12:27:01","slug":"chili-a-1302-standard","status":"publish","type":"product","link":"https:\/\/baldumarket.lt\/lt\/product\/chili-a-1302-standard\/","title":{"rendered":"Chili A-1302 Standartinis"},"content":{"rendered":"<p>Paprasta k\u0117d\u0117, daugel\u012f met\u0173 \u012frod\u017eiusi savo funkcionalum\u0105 ir universalum\u0105 \u012fvairiuose interjeruose. Ypa\u010d vertinama kavin\u0117se ir restoranuose d\u0117l patvarios konstrukcijos ir ma\u017eos kainos. Pagaminta i\u0161 buko medienos, k\u0117d\u0117 gali b\u016bti papildyta apmu\u0161ta s\u0117dyne, kad b\u016bt\u0173 patogiau. K\u0117d\u0117 yra sudedama viena ant kitos.<\/p>","protected":false},"excerpt":{"rendered":"<p>Paprasta k\u0117d\u0117, daugel\u012f met\u0173 \u012frod\u017eiusi savo funkcionalum\u0105 ir universalum\u0105 \u012fvairiuose interjeruose. Ypa\u010d vertinama kavin\u0117se ir restoranuose d\u0117l patvarios konstrukcijos ir ma\u017eos kainos. Pagaminta i\u0161 buko medienos, k\u0117d\u0117 gali b\u016bti papildyta apmu\u0161ta s\u0117dyne, kad b\u016bt\u0173 patogiau. K\u0117d\u0117 yra sudedama viena ant kitos.<\/p>","protected":false},"featured_media":104087,"comment_status":"open","ping_status":"closed","template":"","meta":[],"product_brand":[],"product_cat":[9133],"product_tag":[],"class_list":{"0":"post-104067","1":"product","2":"type-product","3":"status-publish","4":"has-post-thumbnail","6":"product_cat-grouped","8":"first","9":"instock","10":"shipping-taxable","11":"product-type-variable","12":"wvs-archive-product-wrapper"},"_links":{"self":[{"href":"https:\/\/baldumarket.lt\/lt\/wp-json\/wp\/v2\/product\/104067","targetHints":{"allow":["GET"]}}],"collection":[{"href":"https:\/\/baldumarket.lt\/lt\/wp-json\/wp\/v2\/product"}],"about":[{"href":"https:\/\/baldumarket.lt\/lt\/wp-json\/wp\/v2\/types\/product"}],"replies":[{"embeddable":true,"href":"https:\/\/baldumarket.lt\/lt\/wp-json\/wp\/v2\/comments?post=104067"}],"wp:featuredmedia":[{"embeddable":true,"href":"https:\/\/baldumarket.lt\/lt\/wp-json\/wp\/v2\/media\/104087"}],"wp:attachment":[{"href":"https:\/\/baldumarket.lt\/lt\/wp-json\/wp\/v2\/media?parent=104067"}],"wp:term":[{"taxonomy":"product_brand","embeddable":true,"href":"https:\/\/baldumarket.lt\/lt\/wp-json\/wp\/v2\/product_brand?post=104067"},{"taxonomy":"product_cat","embeddable":true,"href":"https:\/\/baldumarket.lt\/lt\/wp-json\/wp\/v2\/product_cat?post=104067"},{"taxonomy":"product_tag","embeddable":true,"href":"https:\/\/baldumarket.lt\/lt\/wp-json\/wp\/v2\/product_tag?post=104067"}],"curies":[{"name":"wp","href":"https:\/\/api.w.org\/{rel}","templated":true}]}}