{"id":104065,"date":"2025-12-08T02:02:27","date_gmt":"2025-12-07T23:02:27","guid":{"rendered":"https:\/\/baldumarket.lt\/?post_type=product&#038;p=104065"},"modified":"2026-02-11T02:49:53","modified_gmt":"2026-02-10T23:49:53","slug":"carmen-st-2127-premium-gr-l2-2","status":"publish","type":"product","link":"https:\/\/baldumarket.lt\/lt\/product\/carmen-st-2127-premium-gr-l2-2\/","title":{"rendered":"Carmen ST-2127 Premium Gr-L2"},"content":{"rendered":"<p>Dizainas: STROOG Andrzej L\u0119cko\u015b<br \/>\n\u201eCarmen\u201c stalas puikiai tinka \u0161iuolaikiniam interjerui su tradiciniu stiliumi, tod\u0117l jame naudojama \u0105\u017euolo mediena. Jis pasi\u017eymi paprastomis, tvirtomis formomis ir klasikiniais stali\u0173 elementais.<\/p>","protected":false},"excerpt":{"rendered":"<p>Dizainas: STROOG Andrzej L\u0119cko\u015b \u201eCarmen\u201c stalas puikiai tinka \u0161iuolaikiniam interjerui su tradiciniu stiliumi, tod\u0117l jame panaudota \u0105\u017euolo mediena. Jis pasi\u017eymi paprastomis, tvirtomis formomis ir klasikiniais stali\u0173 elementais.<\/p>","protected":false},"featured_media":104053,"comment_status":"open","ping_status":"closed","template":"","meta":[],"product_brand":[],"product_cat":[9133],"product_tag":[],"class_list":{"0":"post-104065","1":"product","2":"type-product","3":"status-publish","4":"has-post-thumbnail","6":"product_cat-grouped","8":"first","9":"instock","10":"shipping-taxable","11":"product-type-variable","12":"wvs-archive-product-wrapper"},"_links":{"self":[{"href":"https:\/\/baldumarket.lt\/lt\/wp-json\/wp\/v2\/product\/104065","targetHints":{"allow":["GET"]}}],"collection":[{"href":"https:\/\/baldumarket.lt\/lt\/wp-json\/wp\/v2\/product"}],"about":[{"href":"https:\/\/baldumarket.lt\/lt\/wp-json\/wp\/v2\/types\/product"}],"replies":[{"embeddable":true,"href":"https:\/\/baldumarket.lt\/lt\/wp-json\/wp\/v2\/comments?post=104065"}],"wp:featuredmedia":[{"embeddable":true,"href":"https:\/\/baldumarket.lt\/lt\/wp-json\/wp\/v2\/media\/104053"}],"wp:attachment":[{"href":"https:\/\/baldumarket.lt\/lt\/wp-json\/wp\/v2\/media?parent=104065"}],"wp:term":[{"taxonomy":"product_brand","embeddable":true,"href":"https:\/\/baldumarket.lt\/lt\/wp-json\/wp\/v2\/product_brand?post=104065"},{"taxonomy":"product_cat","embeddable":true,"href":"https:\/\/baldumarket.lt\/lt\/wp-json\/wp\/v2\/product_cat?post=104065"},{"taxonomy":"product_tag","embeddable":true,"href":"https:\/\/baldumarket.lt\/lt\/wp-json\/wp\/v2\/product_tag?post=104065"}],"curies":[{"name":"wp","href":"https:\/\/api.w.org\/{rel}","templated":true}]}}