{"id":103975,"date":"2025-12-08T01:53:47","date_gmt":"2025-12-07T22:53:47","guid":{"rendered":"https:\/\/baldumarket.lt\/?post_type=product&#038;p=103975"},"modified":"2026-04-12T00:52:17","modified_gmt":"2026-04-11T21:52:17","slug":"candy-stk-1805-standard-gr-a","status":"publish","type":"product","link":"https:\/\/baldumarket.lt\/lt\/product\/candy-stk-1805-standard-gr-a\/","title":{"rendered":"Candy STK-1805 Standartinis Gr-A"},"content":{"rendered":"<p>Dizainas: Pawlak &amp; Stawarski<br \/>\n\u201eCandy\u201c kavos staliukai gars\u0117ja lengva, a\u017e\u016brine konstrukcija, kurioje nat\u016braliai derinamas tradicinis medienos lenkimas su naujausiomis skaitmeninio apdirbimo technologijomis, sukuriant \u0161velnias linij\u0173 detales, pabr\u0117\u017eian\u010dias nat\u016bralios medienos vert\u0119. Balustrai suteikia staliukams skulpt\u016bri\u0161k\u0105 form\u0105, primenan\u010di\u0105 septintojo de\u0161imtme\u010dio estetik\u0105. Kolekcij\u0105 sudaro du skirtingo auk\u0161\u010dio ir i\u0161skirtini\u0173 form\u0173 stalvir\u0161iai.<br \/>\n#bentwood #famegcollection #candy #fameg1881 <\/p>","protected":false},"excerpt":{"rendered":"<p>Dizainas: \u201ePawlak &amp; Stawarski Candy\u201c kavos staliukai gars\u0117ja lengva, a\u017e\u016brine konstrukcija, kurioje nat\u016braliai derinamas tradicinis medienos lenkimas su naujausiomis skaitmeninio apdorojimo technologijomis, sukuriant \u0161velnias linij\u0173 detales, pabr\u0117\u017eian\u010dias nat\u016bralios medienos vert\u0119. Balustrai suteikia staliukams skulpt\u016bri\u0161k\u0105 form\u0105, primenan\u010di\u0105 septintojo de\u0161imtme\u010dio estetik\u0105. Kolekcija [\u2026]<\/p>","protected":false},"featured_media":103993,"comment_status":"open","ping_status":"closed","template":"","meta":[],"product_brand":[],"product_cat":[9133],"product_tag":[],"class_list":{"0":"post-103975","1":"product","2":"type-product","3":"status-publish","4":"has-post-thumbnail","6":"product_cat-grouped","8":"first","9":"instock","10":"shipping-taxable","11":"product-type-variable","12":"wvs-archive-product-wrapper"},"_links":{"self":[{"href":"https:\/\/baldumarket.lt\/lt\/wp-json\/wp\/v2\/product\/103975","targetHints":{"allow":["GET"]}}],"collection":[{"href":"https:\/\/baldumarket.lt\/lt\/wp-json\/wp\/v2\/product"}],"about":[{"href":"https:\/\/baldumarket.lt\/lt\/wp-json\/wp\/v2\/types\/product"}],"replies":[{"embeddable":true,"href":"https:\/\/baldumarket.lt\/lt\/wp-json\/wp\/v2\/comments?post=103975"}],"wp:featuredmedia":[{"embeddable":true,"href":"https:\/\/baldumarket.lt\/lt\/wp-json\/wp\/v2\/media\/103993"}],"wp:attachment":[{"href":"https:\/\/baldumarket.lt\/lt\/wp-json\/wp\/v2\/media?parent=103975"}],"wp:term":[{"taxonomy":"product_brand","embeddable":true,"href":"https:\/\/baldumarket.lt\/lt\/wp-json\/wp\/v2\/product_brand?post=103975"},{"taxonomy":"product_cat","embeddable":true,"href":"https:\/\/baldumarket.lt\/lt\/wp-json\/wp\/v2\/product_cat?post=103975"},{"taxonomy":"product_tag","embeddable":true,"href":"https:\/\/baldumarket.lt\/lt\/wp-json\/wp\/v2\/product_tag?post=103975"}],"curies":[{"name":"wp","href":"https:\/\/api.w.org\/{rel}","templated":true}]}}