{"id":103965,"date":"2025-12-08T01:52:37","date_gmt":"2025-12-07T22:52:37","guid":{"rendered":"https:\/\/baldumarket.lt\/?post_type=product&#038;p=103965"},"modified":"2026-02-11T02:19:07","modified_gmt":"2026-02-10T23:19:07","slug":"candy-stk-1804-premium-gr-c","status":"publish","type":"product","link":"https:\/\/baldumarket.lt\/lt\/product\/candy-stk-1804-premium-gr-c\/","title":{"rendered":"Candy STK-1804 Premium Gr-C"},"content":{"rendered":"<p>Dizainas: Pawlak &amp; Stawarski<br \/>\n\u201cCandy\u201d kavos staliuk\u0173 \u0161eima \u2013 tai lengvas, a\u017e\u016brinis dizainas, nat\u016braliai derinantis tradicin\u012f medienos lenkim\u0105 su naujausiomis skaitmeninio apdorojimo technologijomis, pasiekiant \u0161velnias detales, pabr\u0117\u017eian\u010dias nat\u016bralios medienos savybes. Balustrai suteikia staliukams skulpt\u016bri\u0161k\u0105 form\u0105, primenan\u010di\u0105 septintojo de\u0161imtme\u010dio estetik\u0105. \u0160eim\u0105 sudaro du skirtingo auk\u0161\u010dio ir skirting\u0173 stalvir\u0161i\u0173 form\u0173 stalai.<\/p>","protected":false},"excerpt":{"rendered":"<p>Dizainas: Pawlak &amp; Stawarski \u201cCandy\u201d kavos staliuk\u0173 \u0161eima \u2013 tai lengvas, a\u017e\u016brinis dizainas, nat\u016braliai derinantis tradicin\u012f medienos lenkim\u0105 su naujausiomis skaitmeninio apdorojimo technologijomis, pasiekiant \u0161velnias detales, pabr\u0117\u017eian\u010dias nat\u016bralios medienos savybes. Balustrai suteikia staliukams skulpt\u016bri\u0161k\u0105 form\u0105, primenan\u010di\u0105 septintojo de\u0161imtme\u010dio estetik\u0105. \u0160eim\u0105 sudaro [\u2026]<\/p>","protected":false},"featured_media":103963,"comment_status":"open","ping_status":"closed","template":"","meta":[],"product_brand":[],"product_cat":[9133],"product_tag":[],"class_list":{"0":"post-103965","1":"product","2":"type-product","3":"status-publish","4":"has-post-thumbnail","6":"product_cat-grouped","8":"first","9":"instock","10":"shipping-taxable","11":"product-type-variable","12":"wvs-archive-product-wrapper"},"_links":{"self":[{"href":"https:\/\/baldumarket.lt\/lt\/wp-json\/wp\/v2\/product\/103965","targetHints":{"allow":["GET"]}}],"collection":[{"href":"https:\/\/baldumarket.lt\/lt\/wp-json\/wp\/v2\/product"}],"about":[{"href":"https:\/\/baldumarket.lt\/lt\/wp-json\/wp\/v2\/types\/product"}],"replies":[{"embeddable":true,"href":"https:\/\/baldumarket.lt\/lt\/wp-json\/wp\/v2\/comments?post=103965"}],"wp:featuredmedia":[{"embeddable":true,"href":"https:\/\/baldumarket.lt\/lt\/wp-json\/wp\/v2\/media\/103963"}],"wp:attachment":[{"href":"https:\/\/baldumarket.lt\/lt\/wp-json\/wp\/v2\/media?parent=103965"}],"wp:term":[{"taxonomy":"product_brand","embeddable":true,"href":"https:\/\/baldumarket.lt\/lt\/wp-json\/wp\/v2\/product_brand?post=103965"},{"taxonomy":"product_cat","embeddable":true,"href":"https:\/\/baldumarket.lt\/lt\/wp-json\/wp\/v2\/product_cat?post=103965"},{"taxonomy":"product_tag","embeddable":true,"href":"https:\/\/baldumarket.lt\/lt\/wp-json\/wp\/v2\/product_tag?post=103965"}],"curies":[{"name":"wp","href":"https:\/\/api.w.org\/{rel}","templated":true}]}}