{"id":103923,"date":"2025-12-08T01:48:18","date_gmt":"2025-12-07T22:48:18","guid":{"rendered":"https:\/\/baldumarket.lt\/?post_type=product&#038;p=103923"},"modified":"2026-04-12T00:52:17","modified_gmt":"2026-04-11T21:52:17","slug":"bst-9739-80-standard-gr-l2","status":"publish","type":"product","link":"https:\/\/baldumarket.lt\/lt\/product\/bst-9739-80-standard-gr-l2\/","title":{"rendered":"BST-9739\/80 Standartinis Gr-L2"},"content":{"rendered":"<p>Originali baro k\u0117d\u0117 BST-9739 yra dviej\u0173 auk\u0161\u010di\u0173. Pagaminta naudojant tradicin\u0119 rankinio buko medienos lenkimo technologij\u0105, ji gra\u017eiai atspindi lenktus buko elementus, jungian\u010dius s\u0117dyn\u0119 ir kojas. Baro k\u0117d\u0117 yra su s\u0117dyne \u2013 apmu\u0161ta, pagaminta i\u0161 faneros su reljefu arba u\u017epildyta rotango pyn\u0117mis.<\/p>","protected":false},"excerpt":{"rendered":"<p>Originali baro k\u0117d\u0117 BST-9739 yra dviej\u0173 auk\u0161\u010di\u0173. Pagaminta naudojant tradicin\u0119 rankinio buko medienos lenkimo technologij\u0105, ji gra\u017eiai atspindi lenktus buko elementus, jungian\u010dius s\u0117dyn\u0119 ir kojas. Baro k\u0117d\u0117 yra su s\u0117dyne \u2013 apmu\u0161ta, pagaminta i\u0161 faneros su reljefu arba u\u017epildyta rotango pyn\u0117mis.<\/p>","protected":false},"featured_media":103931,"comment_status":"open","ping_status":"closed","template":"","meta":[],"product_brand":[],"product_cat":[9133],"product_tag":[],"class_list":{"0":"post-103923","1":"product","2":"type-product","3":"status-publish","4":"has-post-thumbnail","6":"product_cat-grouped","8":"first","9":"instock","10":"shipping-taxable","11":"product-type-variable","12":"wvs-archive-product-wrapper"},"_links":{"self":[{"href":"https:\/\/baldumarket.lt\/lt\/wp-json\/wp\/v2\/product\/103923","targetHints":{"allow":["GET"]}}],"collection":[{"href":"https:\/\/baldumarket.lt\/lt\/wp-json\/wp\/v2\/product"}],"about":[{"href":"https:\/\/baldumarket.lt\/lt\/wp-json\/wp\/v2\/types\/product"}],"replies":[{"embeddable":true,"href":"https:\/\/baldumarket.lt\/lt\/wp-json\/wp\/v2\/comments?post=103923"}],"wp:featuredmedia":[{"embeddable":true,"href":"https:\/\/baldumarket.lt\/lt\/wp-json\/wp\/v2\/media\/103931"}],"wp:attachment":[{"href":"https:\/\/baldumarket.lt\/lt\/wp-json\/wp\/v2\/media?parent=103923"}],"wp:term":[{"taxonomy":"product_brand","embeddable":true,"href":"https:\/\/baldumarket.lt\/lt\/wp-json\/wp\/v2\/product_brand?post=103923"},{"taxonomy":"product_cat","embeddable":true,"href":"https:\/\/baldumarket.lt\/lt\/wp-json\/wp\/v2\/product_cat?post=103923"},{"taxonomy":"product_tag","embeddable":true,"href":"https:\/\/baldumarket.lt\/lt\/wp-json\/wp\/v2\/product_tag?post=103923"}],"curies":[{"name":"wp","href":"https:\/\/api.w.org\/{rel}","templated":true}]}}