{"id":103879,"date":"2025-12-08T01:44:24","date_gmt":"2025-12-07T22:44:24","guid":{"rendered":"https:\/\/baldumarket.lt\/?post_type=product&#038;p=103879"},"modified":"2026-04-12T00:58:30","modified_gmt":"2026-04-11T21:58:30","slug":"bst-9739-61-standard","status":"publish","type":"product","link":"https:\/\/baldumarket.lt\/lt\/product\/bst-9739-61-standard\/","title":{"rendered":"BST-9739\/61 Standartinis"},"content":{"rendered":"<p>Unikali baro k\u0117d\u0117 BST-9739 yra dviej\u0173 auk\u0161\u010di\u0173. Pagaminta naudojant tradicin\u0119 buko medienos rank\u0173 darbo lenkimo technologij\u0105, ji gra\u017eiai i\u0161ry\u0161kina lenktus buko elementus, jungian\u010dius s\u0117dyn\u0119 ir kojas. Baro k\u0117d\u0117 gali b\u016bti su s\u0117dyne: apmu\u0161ta, fanera su reljefu arba rotango pynimu.<\/p>","protected":false},"excerpt":{"rendered":"<p>Unikali baro k\u0117d\u0117 BST-9739 yra dviej\u0173 auk\u0161\u010di\u0173. Pagaminta naudojant tradicin\u0119 buko medienos rank\u0173 darbo lenkimo technologij\u0105, ji gra\u017eiai i\u0161ry\u0161kina lenktus buko elementus, jungian\u010dius s\u0117dyn\u0119 ir kojas. Baro k\u0117d\u0117 gali b\u016bti su s\u0117dyne: apmu\u0161ta, fanera su reljefu arba rotango pynimu.<\/p>","protected":false},"featured_media":103899,"comment_status":"open","ping_status":"closed","template":"","meta":[],"product_brand":[],"product_cat":[9133],"product_tag":[],"class_list":{"0":"post-103879","1":"product","2":"type-product","3":"status-publish","4":"has-post-thumbnail","6":"product_cat-grouped","8":"first","9":"instock","10":"shipping-taxable","11":"product-type-variable","12":"wvs-archive-product-wrapper"},"_links":{"self":[{"href":"https:\/\/baldumarket.lt\/lt\/wp-json\/wp\/v2\/product\/103879","targetHints":{"allow":["GET"]}}],"collection":[{"href":"https:\/\/baldumarket.lt\/lt\/wp-json\/wp\/v2\/product"}],"about":[{"href":"https:\/\/baldumarket.lt\/lt\/wp-json\/wp\/v2\/types\/product"}],"replies":[{"embeddable":true,"href":"https:\/\/baldumarket.lt\/lt\/wp-json\/wp\/v2\/comments?post=103879"}],"wp:featuredmedia":[{"embeddable":true,"href":"https:\/\/baldumarket.lt\/lt\/wp-json\/wp\/v2\/media\/103899"}],"wp:attachment":[{"href":"https:\/\/baldumarket.lt\/lt\/wp-json\/wp\/v2\/media?parent=103879"}],"wp:term":[{"taxonomy":"product_brand","embeddable":true,"href":"https:\/\/baldumarket.lt\/lt\/wp-json\/wp\/v2\/product_brand?post=103879"},{"taxonomy":"product_cat","embeddable":true,"href":"https:\/\/baldumarket.lt\/lt\/wp-json\/wp\/v2\/product_cat?post=103879"},{"taxonomy":"product_tag","embeddable":true,"href":"https:\/\/baldumarket.lt\/lt\/wp-json\/wp\/v2\/product_tag?post=103879"}],"curies":[{"name":"wp","href":"https:\/\/api.w.org\/{rel}","templated":true}]}}