{"id":10384,"date":"2025-11-14T05:15:36","date_gmt":"2025-11-14T02:15:36","guid":{"rendered":"https:\/\/baldumarket.lt\/product\/loze-edvige-stelaz-drew-pod-gaz-kont-140x200\/"},"modified":"2026-03-24T17:49:52","modified_gmt":"2026-03-24T14:49:52","slug":"loze-edvige-stelaz-drew-pod-gaz-kont-140x200","status":"publish","type":"product","link":"https:\/\/baldumarket.lt\/lt\/product\/loze-edvige-stelaz-drew-pod-gaz-kont-140x200\/","title":{"rendered":"Edvige lova + medinis r\u0117mas + dujinis keltuvas + prailginimas 140\u00d7200"},"content":{"rendered":"<p>\u201eEdvige\u201c \u2013 tobulai patogi, skoninga ir originali, \u017eavinga lova, kuri \u017eavi savo unikaliu dizainu. Miegamojo pavir\u0161iaus matmenys \u2013 140\/160\/180 \u00d7 220 cm \u2013 suteikia daug erdv\u0117s netrukdomam poilsiui, pritaikytai j\u016bs\u0173 pageidavimams, galimyb\u0117ms ir miegamojo dyd\u017eiui. \u201eEdvige\u201c i\u0161siskiria auk\u0161tu galv\u016bgaliu ir \u0161onais, kurie pagaminti i\u0161 papildomo putplas\u010dio u\u017epildo. Teigiam\u0105 estetin\u012f poj\u016bt\u012f sustiprina ilgas, gausus dygsniavimas. Platus spalv\u0173 pasirinkimas leid\u017eia lengvai priderinti lov\u0105 prie kit\u0173 bald\u0173. \u0160iuo atveju modernumas ir modernistin\u0117 apdaila dera su elegancija, tod\u0117l \u201eEdvige\u201c yra puikus bet kurio miegamojo papildymas. Ji tikrai verta \u012fsigyti.<\/p>","protected":false},"excerpt":{"rendered":"<p>\u201eEdvige\u201c \u2013 tobulai patogi, skoninga ir originali, \u017eavinga lova, kuri \u017eavi savo unikaliu dizainu. Miegamojo pavir\u0161iaus matmenys \u2013 140\/160\/180 \u00d7 220 cm \u2013 suteikia daug erdv\u0117s netrukdomam poilsiui, pritaikytam pagal j\u016bs\u0173 pageidavimus, galimybes ir miegamojo dyd\u012f. \u201eEdvige\u201c i\u0161siskiria auk\u0161tu galv\u016bgaliu ir \u0161onais, kurie pagaminti i\u0161 papildomo putplas\u010dio, kad b\u016bt\u0173 patogu [\u2026]<\/p>","protected":false},"featured_media":10374,"comment_status":"open","ping_status":"open","template":"","meta":[],"product_brand":[],"product_cat":[505,1970,2012],"product_tag":[],"class_list":{"0":"post-10384","1":"product","2":"type-product","3":"status-publish","4":"has-post-thumbnail","6":"product_cat-bedroom-beds","7":"product_cat-beds-140x200","8":"product_cat-eltap","9":"pa_frame-material-wood","10":"pa_frame-material-type-pine","11":"pa_leg-color-undefined","12":"pa_leg-material-undefined","13":"pa_linen-box-yes","14":"pa_main-color-beige","15":"pa_main-color-black","16":"pa_main-color-blue","17":"pa_main-color-brown","18":"pa_main-color-dark-gray","19":"pa_main-color-dark-purple","20":"pa_main-color-gray","21":"pa_main-color-pink","22":"pa_main-color-purple","23":"pa_main-color-white","24":"pa_price-group-prestige","25":"pa_price-group-classic","26":"pa_price-group-special","27":"pa_price-group-standard","28":"pa_seat-depth-495","29":"pa_seat-width-509","30":"pa_sleep-function-yes","31":"pa_sleeping-area-length-498","32":"pa_sleeping-area-width-510","33":"pa_style-traditional","34":"pa_textile-berlin-01","35":"pa_textile-berlin-02","36":"pa_textile-berlin-03","37":"pa_textile-jasmine-29","38":"pa_textile-mat-velvet-63","39":"pa_textile-mat-velvet-68","40":"pa_textile-orinoco-85","41":"pa_textile-sawana-05","42":"pa_textile-sawana-21","43":"pa_textile-soft-11","44":"pa_textile-soft-17","45":"pa_textile-soft-33","46":"pa_textile-soro-65","47":"pa_upholstery-material-polyester","49":"first","50":"instock","51":"purchasable","52":"product-type-variable","53":"wvs-archive-product-wrapper"},"_links":{"self":[{"href":"https:\/\/baldumarket.lt\/lt\/wp-json\/wp\/v2\/product\/10384","targetHints":{"allow":["GET"]}}],"collection":[{"href":"https:\/\/baldumarket.lt\/lt\/wp-json\/wp\/v2\/product"}],"about":[{"href":"https:\/\/baldumarket.lt\/lt\/wp-json\/wp\/v2\/types\/product"}],"replies":[{"embeddable":true,"href":"https:\/\/baldumarket.lt\/lt\/wp-json\/wp\/v2\/comments?post=10384"}],"wp:featuredmedia":[{"embeddable":true,"href":"https:\/\/baldumarket.lt\/lt\/wp-json\/wp\/v2\/media\/10374"}],"wp:attachment":[{"href":"https:\/\/baldumarket.lt\/lt\/wp-json\/wp\/v2\/media?parent=10384"}],"wp:term":[{"taxonomy":"product_brand","embeddable":true,"href":"https:\/\/baldumarket.lt\/lt\/wp-json\/wp\/v2\/product_brand?post=10384"},{"taxonomy":"product_cat","embeddable":true,"href":"https:\/\/baldumarket.lt\/lt\/wp-json\/wp\/v2\/product_cat?post=10384"},{"taxonomy":"product_tag","embeddable":true,"href":"https:\/\/baldumarket.lt\/lt\/wp-json\/wp\/v2\/product_tag?post=10384"}],"curies":[{"name":"wp","href":"https:\/\/api.w.org\/{rel}","templated":true}]}}