{"id":103731,"date":"2025-12-08T01:31:03","date_gmt":"2025-12-07T22:31:03","guid":{"rendered":"https:\/\/baldumarket.lt\/?post_type=product&#038;p=103731"},"modified":"2026-02-11T02:07:34","modified_gmt":"2026-02-10T23:07:34","slug":"bst-811-premium-gr-b","status":"publish","type":"product","link":"https:\/\/baldumarket.lt\/lt\/product\/bst-811-premium-gr-b\/","title":{"rendered":"BST-811 Premium Gr-B"},"content":{"rendered":"<p>811 baro k\u0117d\u0117 yra \u201cEvergreen\u201d kolekcijos, datuojamos 1930-aisiais, prat\u0119simas. \u012evair\u016bs \u0161altiniai original\u0173 k\u0117d\u017ei\u0173 ir foteli\u0173 dizain\u0105 priskiria Josephui Hoffmannui, Oswaldui Haerdtlui arba Josefui Frankui. Baro k\u0117d\u0117s pirm\u0105 kart\u0105 buvo pristatytos 2022 m. Milano \u201eSalone del Mobile\u201c parodoje. \u0160ie universal\u016bs ir ikoni\u0161ki modeliai yra lygi\u0173, apmu\u0161t\u0173 ir aust\u0173 kilim\u0117li\u0173 variant\u0173.<\/p>","protected":false},"excerpt":{"rendered":"<p>811 baro k\u0117d\u0117 yra \u201cEvergreen\u201d kolekcijos, datuojamos 1930-aisiais, prat\u0119simas. \u012evair\u016bs \u0161altiniai teigia, kad original\u0173 k\u0117d\u017ei\u0173 ir foteli\u0173 dizain\u0105 suk\u016br\u0117 Josephas Hoffmannas, Oswaldas Haerdtlas arba Josefas Frankas. Baro k\u0117d\u0117s pirm\u0105 kart\u0105 buvo pristatytos 2022 m. Milano \u201eSalone del Mobile\u201c parodoje. \u0160ios universalios ir ikoni\u0161kos [\u2026]<\/p>","protected":false},"featured_media":103733,"comment_status":"open","ping_status":"closed","template":"","meta":[],"product_brand":[],"product_cat":[9133],"product_tag":[],"class_list":{"0":"post-103731","1":"product","2":"type-product","3":"status-publish","4":"has-post-thumbnail","6":"product_cat-grouped","8":"first","9":"instock","10":"shipping-taxable","11":"product-type-variable","12":"wvs-archive-product-wrapper"},"_links":{"self":[{"href":"https:\/\/baldumarket.lt\/lt\/wp-json\/wp\/v2\/product\/103731","targetHints":{"allow":["GET"]}}],"collection":[{"href":"https:\/\/baldumarket.lt\/lt\/wp-json\/wp\/v2\/product"}],"about":[{"href":"https:\/\/baldumarket.lt\/lt\/wp-json\/wp\/v2\/types\/product"}],"replies":[{"embeddable":true,"href":"https:\/\/baldumarket.lt\/lt\/wp-json\/wp\/v2\/comments?post=103731"}],"wp:featuredmedia":[{"embeddable":true,"href":"https:\/\/baldumarket.lt\/lt\/wp-json\/wp\/v2\/media\/103733"}],"wp:attachment":[{"href":"https:\/\/baldumarket.lt\/lt\/wp-json\/wp\/v2\/media?parent=103731"}],"wp:term":[{"taxonomy":"product_brand","embeddable":true,"href":"https:\/\/baldumarket.lt\/lt\/wp-json\/wp\/v2\/product_brand?post=103731"},{"taxonomy":"product_cat","embeddable":true,"href":"https:\/\/baldumarket.lt\/lt\/wp-json\/wp\/v2\/product_cat?post=103731"},{"taxonomy":"product_tag","embeddable":true,"href":"https:\/\/baldumarket.lt\/lt\/wp-json\/wp\/v2\/product_tag?post=103731"}],"curies":[{"name":"wp","href":"https:\/\/api.w.org\/{rel}","templated":true}]}}