{"id":103711,"date":"2025-12-08T01:29:08","date_gmt":"2025-12-07T22:29:08","guid":{"rendered":"https:\/\/baldumarket.lt\/?post_type=product&#038;p=103711"},"modified":"2026-04-12T14:53:45","modified_gmt":"2026-04-12T11:53:45","slug":"bst-788-fan-premium-gr-l2","status":"publish","type":"product","link":"https:\/\/baldumarket.lt\/lt\/product\/bst-788-fan-premium-gr-l2\/","title":{"rendered":"BST-788 VENTILIATORIUS Premium Gr-L2"},"content":{"rendered":"<p>BST-788FAN yra klasikin\u0117, lenkta ir labai populiari baro k\u0117d\u0117, sukurta pagal k\u0117d\u0119, kurios i\u0161takos siekia 1885 m.<\/p>","protected":false},"excerpt":{"rendered":"<p>BST-788FAN yra klasikin\u0117, lenkta ir labai populiari baro k\u0117d\u0117, sukurta pagal k\u0117d\u0119, kurios i\u0161takos siekia 1885 m.<\/p>","protected":false},"featured_media":103700,"comment_status":"open","ping_status":"closed","template":"","meta":[],"product_brand":[],"product_cat":[9133],"product_tag":[],"class_list":{"0":"post-103711","1":"product","2":"type-product","3":"status-publish","4":"has-post-thumbnail","6":"product_cat-grouped","8":"first","9":"instock","10":"shipping-taxable","11":"product-type-variable","12":"wvs-archive-product-wrapper"},"_links":{"self":[{"href":"https:\/\/baldumarket.lt\/lt\/wp-json\/wp\/v2\/product\/103711","targetHints":{"allow":["GET"]}}],"collection":[{"href":"https:\/\/baldumarket.lt\/lt\/wp-json\/wp\/v2\/product"}],"about":[{"href":"https:\/\/baldumarket.lt\/lt\/wp-json\/wp\/v2\/types\/product"}],"replies":[{"embeddable":true,"href":"https:\/\/baldumarket.lt\/lt\/wp-json\/wp\/v2\/comments?post=103711"}],"wp:featuredmedia":[{"embeddable":true,"href":"https:\/\/baldumarket.lt\/lt\/wp-json\/wp\/v2\/media\/103700"}],"wp:attachment":[{"href":"https:\/\/baldumarket.lt\/lt\/wp-json\/wp\/v2\/media?parent=103711"}],"wp:term":[{"taxonomy":"product_brand","embeddable":true,"href":"https:\/\/baldumarket.lt\/lt\/wp-json\/wp\/v2\/product_brand?post=103711"},{"taxonomy":"product_cat","embeddable":true,"href":"https:\/\/baldumarket.lt\/lt\/wp-json\/wp\/v2\/product_cat?post=103711"},{"taxonomy":"product_tag","embeddable":true,"href":"https:\/\/baldumarket.lt\/lt\/wp-json\/wp\/v2\/product_tag?post=103711"}],"curies":[{"name":"wp","href":"https:\/\/api.w.org\/{rel}","templated":true}]}}