{"id":103629,"date":"2025-12-08T01:21:23","date_gmt":"2025-12-07T22:21:23","guid":{"rendered":"https:\/\/baldumarket.lt\/?post_type=product&#038;p=103629"},"modified":"2026-02-11T02:58:28","modified_gmt":"2026-02-10T23:58:28","slug":"bst-302-75-premium","status":"publish","type":"product","link":"https:\/\/baldumarket.lt\/lt\/product\/bst-302-75-premium\/","title":{"rendered":"BST-302\/75 Premium"},"content":{"rendered":"<p>BST-302 \u2013 tai auk\u0161ta, labai klasikinio stiliaus baro k\u0117d\u0117 su \u0161iek tiek profiliuotomis kojomis ir dviem apvaliais, sulenktais koj\u0173 atlo\u0161ais, pagamintais pagal tradicin\u0119 technologij\u0105.<\/p>","protected":false},"excerpt":{"rendered":"<p>BST-302 \u2013 tai auk\u0161ta, labai klasikinio stiliaus baro k\u0117d\u0117 su \u0161iek tiek profiliuotomis kojomis ir dviem apvaliais, sulenktais koj\u0173 atlo\u0161ais, pagamintais pagal tradicin\u0119 technologij\u0105.<\/p>","protected":false},"featured_media":103635,"comment_status":"open","ping_status":"closed","template":"","meta":[],"product_brand":[],"product_cat":[9133],"product_tag":[],"class_list":{"0":"post-103629","1":"product","2":"type-product","3":"status-publish","4":"has-post-thumbnail","6":"product_cat-grouped","8":"first","9":"instock","10":"shipping-taxable","11":"product-type-variable","12":"wvs-archive-product-wrapper"},"_links":{"self":[{"href":"https:\/\/baldumarket.lt\/lt\/wp-json\/wp\/v2\/product\/103629","targetHints":{"allow":["GET"]}}],"collection":[{"href":"https:\/\/baldumarket.lt\/lt\/wp-json\/wp\/v2\/product"}],"about":[{"href":"https:\/\/baldumarket.lt\/lt\/wp-json\/wp\/v2\/types\/product"}],"replies":[{"embeddable":true,"href":"https:\/\/baldumarket.lt\/lt\/wp-json\/wp\/v2\/comments?post=103629"}],"wp:featuredmedia":[{"embeddable":true,"href":"https:\/\/baldumarket.lt\/lt\/wp-json\/wp\/v2\/media\/103635"}],"wp:attachment":[{"href":"https:\/\/baldumarket.lt\/lt\/wp-json\/wp\/v2\/media?parent=103629"}],"wp:term":[{"taxonomy":"product_brand","embeddable":true,"href":"https:\/\/baldumarket.lt\/lt\/wp-json\/wp\/v2\/product_brand?post=103629"},{"taxonomy":"product_cat","embeddable":true,"href":"https:\/\/baldumarket.lt\/lt\/wp-json\/wp\/v2\/product_cat?post=103629"},{"taxonomy":"product_tag","embeddable":true,"href":"https:\/\/baldumarket.lt\/lt\/wp-json\/wp\/v2\/product_tag?post=103629"}],"curies":[{"name":"wp","href":"https:\/\/api.w.org\/{rel}","templated":true}]}}