{"id":103583,"date":"2025-12-08T01:16:56","date_gmt":"2025-12-07T22:16:56","guid":{"rendered":"https:\/\/baldumarket.lt\/?post_type=product&#038;p=103583"},"modified":"2026-04-12T00:58:30","modified_gmt":"2026-04-11T21:58:30","slug":"bst-225-standard","status":"publish","type":"product","link":"https:\/\/baldumarket.lt\/lt\/product\/bst-225-standard\/","title":{"rendered":"BST-225 Standartinis"},"content":{"rendered":"<p>Klasikin\u0117 ir labai populiari medinio baro k\u0117d\u0117s forma su trimis horizontaliomis faneros lentjuost\u0117mis, u\u017epildan\u010diomis atlo\u0161\u0105.<\/p>","protected":false},"excerpt":{"rendered":"<p>Klasikin\u0117 ir labai populiari medinio baro k\u0117d\u0117s forma su trimis horizontaliomis faneros lentjuost\u0117mis, u\u017epildan\u010diomis atlo\u0161\u0105.<\/p>","protected":false},"featured_media":103603,"comment_status":"open","ping_status":"closed","template":"","meta":[],"product_brand":[],"product_cat":[9133],"product_tag":[],"class_list":{"0":"post-103583","1":"product","2":"type-product","3":"status-publish","4":"has-post-thumbnail","6":"product_cat-grouped","8":"first","9":"instock","10":"shipping-taxable","11":"product-type-variable","12":"wvs-archive-product-wrapper"},"_links":{"self":[{"href":"https:\/\/baldumarket.lt\/lt\/wp-json\/wp\/v2\/product\/103583","targetHints":{"allow":["GET"]}}],"collection":[{"href":"https:\/\/baldumarket.lt\/lt\/wp-json\/wp\/v2\/product"}],"about":[{"href":"https:\/\/baldumarket.lt\/lt\/wp-json\/wp\/v2\/types\/product"}],"replies":[{"embeddable":true,"href":"https:\/\/baldumarket.lt\/lt\/wp-json\/wp\/v2\/comments?post=103583"}],"wp:featuredmedia":[{"embeddable":true,"href":"https:\/\/baldumarket.lt\/lt\/wp-json\/wp\/v2\/media\/103603"}],"wp:attachment":[{"href":"https:\/\/baldumarket.lt\/lt\/wp-json\/wp\/v2\/media?parent=103583"}],"wp:term":[{"taxonomy":"product_brand","embeddable":true,"href":"https:\/\/baldumarket.lt\/lt\/wp-json\/wp\/v2\/product_brand?post=103583"},{"taxonomy":"product_cat","embeddable":true,"href":"https:\/\/baldumarket.lt\/lt\/wp-json\/wp\/v2\/product_cat?post=103583"},{"taxonomy":"product_tag","embeddable":true,"href":"https:\/\/baldumarket.lt\/lt\/wp-json\/wp\/v2\/product_tag?post=103583"}],"curies":[{"name":"wp","href":"https:\/\/api.w.org\/{rel}","templated":true}]}}