{"id":103568,"date":"2025-12-08T01:15:48","date_gmt":"2025-12-07T22:15:48","guid":{"rendered":"https:\/\/baldumarket.lt\/?post_type=product&#038;p=103568"},"modified":"2026-02-03T23:50:10","modified_gmt":"2026-02-03T20:50:10","slug":"bst-18-premium-gr-b","status":"publish","type":"product","link":"https:\/\/baldumarket.lt\/lt\/product\/bst-18-premium-gr-b\/","title":{"rendered":"BST-18 Premium Gr-B"},"content":{"rendered":"<p>18-oji k\u0117d\u0117 buvo sukurta 1876 m. Kartu su 14-uoju dizainu tai antrasis i\u0161skirtinai s\u0117kmingas Michaelo Thonet pasaulinis modelis. Nuo savo garsiojo giminai\u010dio ji skiriasi tik atlo\u0161o detale. K\u0117d\u0117 nuolat vertinama d\u0117l savo kokyb\u0117s ir patvarumo, kuriuos lemia tradicinis rank\u0173 darbo lenkimo procesas.<\/p>\n<p>Med\u017eiaga: nat\u016bralus bukas<br \/>\nDizainas: Michael Thonet<br \/>\nMetai: 1876<\/p>","protected":false},"excerpt":{"rendered":"<p>18-oji k\u0117d\u0117 buvo sukurta 1876 m. Kartu su 14-uoju dizainu tai antrasis i\u0161skirtinai s\u0117kmingas Michaelo Thonet pasaulinis modelis. Nuo savo garsiojo giminai\u010dio ji skiriasi tik atlo\u0161o detale. K\u0117d\u0117 nuolat vertinama d\u0117l savo kokyb\u0117s ir patvarumo, kuriuos lemia tradicinis rank\u0173 darbo lenkimo procesas. Med\u017eiaga: nat\u016bralus bukas [\u2026]<\/p>","protected":false},"featured_media":103570,"comment_status":"open","ping_status":"closed","template":"","meta":[],"product_brand":[],"product_cat":[9133],"product_tag":[],"class_list":{"0":"post-103568","1":"product","2":"type-product","3":"status-publish","4":"has-post-thumbnail","6":"product_cat-grouped","8":"first","9":"instock","10":"shipping-taxable","11":"purchasable","12":"product-type-variable","13":"wvs-archive-product-wrapper"},"_links":{"self":[{"href":"https:\/\/baldumarket.lt\/lt\/wp-json\/wp\/v2\/product\/103568","targetHints":{"allow":["GET"]}}],"collection":[{"href":"https:\/\/baldumarket.lt\/lt\/wp-json\/wp\/v2\/product"}],"about":[{"href":"https:\/\/baldumarket.lt\/lt\/wp-json\/wp\/v2\/types\/product"}],"replies":[{"embeddable":true,"href":"https:\/\/baldumarket.lt\/lt\/wp-json\/wp\/v2\/comments?post=103568"}],"wp:featuredmedia":[{"embeddable":true,"href":"https:\/\/baldumarket.lt\/lt\/wp-json\/wp\/v2\/media\/103570"}],"wp:attachment":[{"href":"https:\/\/baldumarket.lt\/lt\/wp-json\/wp\/v2\/media?parent=103568"}],"wp:term":[{"taxonomy":"product_brand","embeddable":true,"href":"https:\/\/baldumarket.lt\/lt\/wp-json\/wp\/v2\/product_brand?post=103568"},{"taxonomy":"product_cat","embeddable":true,"href":"https:\/\/baldumarket.lt\/lt\/wp-json\/wp\/v2\/product_cat?post=103568"},{"taxonomy":"product_tag","embeddable":true,"href":"https:\/\/baldumarket.lt\/lt\/wp-json\/wp\/v2\/product_tag?post=103568"}],"curies":[{"name":"wp","href":"https:\/\/api.w.org\/{rel}","templated":true}]}}