{"id":103459,"date":"2025-12-08T01:06:08","date_gmt":"2025-12-07T22:06:08","guid":{"rendered":"https:\/\/baldumarket.lt\/?post_type=product&#038;p=103459"},"modified":"2026-04-12T00:52:17","modified_gmt":"2026-04-11T21:52:17","slug":"bst-1260-standard-gr-l1","status":"publish","type":"product","link":"https:\/\/baldumarket.lt\/lt\/product\/bst-1260-standard-gr-l1\/","title":{"rendered":"BST-1260 Standartinis Gr-L1"},"content":{"rendered":"<p>BST-1260 baro k\u0117d\u0117 da\u017enai vadinama bananine k\u0117de d\u0117l savo faneros atlo\u0161o formos. K\u0117d\u0117s konstrukcija pagr\u012fsta tradiciniu buko medienos lankstymu rankomis.<\/p>","protected":false},"excerpt":{"rendered":"<p>BST-1260 baro k\u0117d\u0117 da\u017enai vadinama bananine k\u0117de d\u0117l savo faneros atlo\u0161o formos. K\u0117d\u0117s konstrukcija pagr\u012fsta tradiciniu buko medienos lankstymu rankomis.<\/p>","protected":false},"featured_media":103471,"comment_status":"open","ping_status":"closed","template":"","meta":[],"product_brand":[],"product_cat":[9133],"product_tag":[],"class_list":{"0":"post-103459","1":"product","2":"type-product","3":"status-publish","4":"has-post-thumbnail","6":"product_cat-grouped","8":"first","9":"instock","10":"shipping-taxable","11":"product-type-variable","12":"wvs-archive-product-wrapper"},"_links":{"self":[{"href":"https:\/\/baldumarket.lt\/lt\/wp-json\/wp\/v2\/product\/103459","targetHints":{"allow":["GET"]}}],"collection":[{"href":"https:\/\/baldumarket.lt\/lt\/wp-json\/wp\/v2\/product"}],"about":[{"href":"https:\/\/baldumarket.lt\/lt\/wp-json\/wp\/v2\/types\/product"}],"replies":[{"embeddable":true,"href":"https:\/\/baldumarket.lt\/lt\/wp-json\/wp\/v2\/comments?post=103459"}],"wp:featuredmedia":[{"embeddable":true,"href":"https:\/\/baldumarket.lt\/lt\/wp-json\/wp\/v2\/media\/103471"}],"wp:attachment":[{"href":"https:\/\/baldumarket.lt\/lt\/wp-json\/wp\/v2\/media?parent=103459"}],"wp:term":[{"taxonomy":"product_brand","embeddable":true,"href":"https:\/\/baldumarket.lt\/lt\/wp-json\/wp\/v2\/product_brand?post=103459"},{"taxonomy":"product_cat","embeddable":true,"href":"https:\/\/baldumarket.lt\/lt\/wp-json\/wp\/v2\/product_cat?post=103459"},{"taxonomy":"product_tag","embeddable":true,"href":"https:\/\/baldumarket.lt\/lt\/wp-json\/wp\/v2\/product_tag?post=103459"}],"curies":[{"name":"wp","href":"https:\/\/api.w.org\/{rel}","templated":true}]}}