{"id":103346,"date":"2025-12-08T00:55:36","date_gmt":"2025-12-07T21:55:36","guid":{"rendered":"https:\/\/baldumarket.lt\/?post_type=product&#038;p=103346"},"modified":"2026-02-11T02:39:11","modified_gmt":"2026-02-10T23:39:11","slug":"bistro-2-a-9907-premium-gr-l1","status":"publish","type":"product","link":"https:\/\/baldumarket.lt\/lt\/product\/bistro-2-a-9907-premium-gr-l1\/","title":{"rendered":"Bistro.2 A-9907 Premium Gr-L1"},"content":{"rendered":"<p>\u0160iuolaikin\u0117 klasikin\u0117s \u201eBistro 1\u201c k\u0117d\u0117s interpretacija. Atlo\u0161as pagamintas i\u0161 horizontali\u0173, plok\u0161\u010di\u0173 medini\u0173 lenteli\u0173, suteikian\u010di\u0173 dizainui modernesn\u012f vaizd\u0105.<\/p>","protected":false},"excerpt":{"rendered":"<p>\u0160iuolaikin\u0117 klasikin\u0117s \u201eBistro 1\u201c k\u0117d\u0117s interpretacija. Atlo\u0161as pagamintas i\u0161 horizontali\u0173, plok\u0161\u010di\u0173 medini\u0173 lenteli\u0173, suteikian\u010di\u0173 dizainui modernesn\u012f vaizd\u0105.<\/p>","protected":false},"featured_media":103337,"comment_status":"open","ping_status":"closed","template":"","meta":[],"product_brand":[],"product_cat":[9133],"product_tag":[],"class_list":{"0":"post-103346","1":"product","2":"type-product","3":"status-publish","4":"has-post-thumbnail","6":"product_cat-grouped","8":"first","9":"instock","10":"shipping-taxable","11":"product-type-variable","12":"wvs-archive-product-wrapper"},"_links":{"self":[{"href":"https:\/\/baldumarket.lt\/lt\/wp-json\/wp\/v2\/product\/103346","targetHints":{"allow":["GET"]}}],"collection":[{"href":"https:\/\/baldumarket.lt\/lt\/wp-json\/wp\/v2\/product"}],"about":[{"href":"https:\/\/baldumarket.lt\/lt\/wp-json\/wp\/v2\/types\/product"}],"replies":[{"embeddable":true,"href":"https:\/\/baldumarket.lt\/lt\/wp-json\/wp\/v2\/comments?post=103346"}],"wp:featuredmedia":[{"embeddable":true,"href":"https:\/\/baldumarket.lt\/lt\/wp-json\/wp\/v2\/media\/103337"}],"wp:attachment":[{"href":"https:\/\/baldumarket.lt\/lt\/wp-json\/wp\/v2\/media?parent=103346"}],"wp:term":[{"taxonomy":"product_brand","embeddable":true,"href":"https:\/\/baldumarket.lt\/lt\/wp-json\/wp\/v2\/product_brand?post=103346"},{"taxonomy":"product_cat","embeddable":true,"href":"https:\/\/baldumarket.lt\/lt\/wp-json\/wp\/v2\/product_cat?post=103346"},{"taxonomy":"product_tag","embeddable":true,"href":"https:\/\/baldumarket.lt\/lt\/wp-json\/wp\/v2\/product_tag?post=103346"}],"curies":[{"name":"wp","href":"https:\/\/api.w.org\/{rel}","templated":true}]}}