{"id":103290,"date":"2025-12-08T00:50:44","date_gmt":"2025-12-07T21:50:44","guid":{"rendered":"https:\/\/baldumarket.lt\/?post_type=product&#038;p=103290"},"modified":"2026-04-12T00:52:17","modified_gmt":"2026-04-11T21:52:17","slug":"bistro-1-bst-9907-2-standard-gr-c","status":"publish","type":"product","link":"https:\/\/baldumarket.lt\/lt\/product\/bistro-1-bst-9907-2-standard-gr-c\/","title":{"rendered":"Bistro.1 BST-9907\/2 Standartinis Gr-C"},"content":{"rendered":"<p>\u201eBistro 1\u201c kolekcija \u2013 tai klasikinis lenktos medienos baro k\u0117d\u0117s modelis, datuojamas 1895 m. Atlo\u0161as pagamintas i\u0161 plok\u0161\u010di\u0173 medini\u0173 lenteli\u0173, sujungt\u0173 var\u017etais gale esan\u010diose jungtyse.<\/p>","protected":false},"excerpt":{"rendered":"<p>\u201eBistro 1\u201c kolekcija \u2013 tai klasikinis lenktos medienos baro k\u0117d\u0117s modelis, datuojamas 1895 m. Atlo\u0161as pagamintas i\u0161 plok\u0161\u010di\u0173 medini\u0173 lenteli\u0173, sujungt\u0173 var\u017etais gale esan\u010diose jungtyse.<\/p>","protected":false},"featured_media":103304,"comment_status":"open","ping_status":"closed","template":"","meta":[],"product_brand":[],"product_cat":[9133],"product_tag":[],"class_list":{"0":"post-103290","1":"product","2":"type-product","3":"status-publish","4":"has-post-thumbnail","6":"product_cat-grouped","8":"first","9":"instock","10":"shipping-taxable","11":"product-type-variable","12":"wvs-archive-product-wrapper"},"_links":{"self":[{"href":"https:\/\/baldumarket.lt\/lt\/wp-json\/wp\/v2\/product\/103290","targetHints":{"allow":["GET"]}}],"collection":[{"href":"https:\/\/baldumarket.lt\/lt\/wp-json\/wp\/v2\/product"}],"about":[{"href":"https:\/\/baldumarket.lt\/lt\/wp-json\/wp\/v2\/types\/product"}],"replies":[{"embeddable":true,"href":"https:\/\/baldumarket.lt\/lt\/wp-json\/wp\/v2\/comments?post=103290"}],"wp:featuredmedia":[{"embeddable":true,"href":"https:\/\/baldumarket.lt\/lt\/wp-json\/wp\/v2\/media\/103304"}],"wp:attachment":[{"href":"https:\/\/baldumarket.lt\/lt\/wp-json\/wp\/v2\/media?parent=103290"}],"wp:term":[{"taxonomy":"product_brand","embeddable":true,"href":"https:\/\/baldumarket.lt\/lt\/wp-json\/wp\/v2\/product_brand?post=103290"},{"taxonomy":"product_cat","embeddable":true,"href":"https:\/\/baldumarket.lt\/lt\/wp-json\/wp\/v2\/product_cat?post=103290"},{"taxonomy":"product_tag","embeddable":true,"href":"https:\/\/baldumarket.lt\/lt\/wp-json\/wp\/v2\/product_tag?post=103290"}],"curies":[{"name":"wp","href":"https:\/\/api.w.org\/{rel}","templated":true}]}}