{"id":103278,"date":"2025-12-08T00:49:34","date_gmt":"2025-12-07T21:49:34","guid":{"rendered":"https:\/\/baldumarket.lt\/?post_type=product&#038;p=103278"},"modified":"2026-02-11T02:28:44","modified_gmt":"2026-02-10T23:28:44","slug":"bistro-1-a-9907-2-premium-gr-d","status":"publish","type":"product","link":"https:\/\/baldumarket.lt\/lt\/product\/bistro-1-a-9907-2-premium-gr-d\/","title":{"rendered":"Bistro.1 A-9907\/2 Premium Gr-D"},"content":{"rendered":"<p>\u201eBistro 1\u201c kolekcija \u2013 tai klasikin\u0117 lenktos medienos k\u0117d\u0117, kurios istorija siekia 1895 m. Atlo\u0161as pagamintas i\u0161 plok\u0161\u010di\u0173 medini\u0173 lenteli\u0173, sujungt\u0173 var\u017etais jungties ta\u0161kuose nugar\u0117l\u0117je.<\/p>","protected":false},"excerpt":{"rendered":"<p>\u201eBistro 1\u201c kolekcija \u2013 tai klasikin\u0117 lenktos medienos k\u0117d\u0117, kurios istorija siekia 1895 m. Atlo\u0161as pagamintas i\u0161 plok\u0161\u010di\u0173 medini\u0173 lenteli\u0173, sujungt\u0173 var\u017etais jungties ta\u0161kuose nugar\u0117l\u0117je.<\/p>","protected":false},"featured_media":103271,"comment_status":"open","ping_status":"closed","template":"","meta":[],"product_brand":[],"product_cat":[9133],"product_tag":[],"class_list":{"0":"post-103278","1":"product","2":"type-product","3":"status-publish","4":"has-post-thumbnail","6":"product_cat-grouped","8":"first","9":"instock","10":"shipping-taxable","11":"product-type-variable","12":"wvs-archive-product-wrapper"},"_links":{"self":[{"href":"https:\/\/baldumarket.lt\/lt\/wp-json\/wp\/v2\/product\/103278","targetHints":{"allow":["GET"]}}],"collection":[{"href":"https:\/\/baldumarket.lt\/lt\/wp-json\/wp\/v2\/product"}],"about":[{"href":"https:\/\/baldumarket.lt\/lt\/wp-json\/wp\/v2\/types\/product"}],"replies":[{"embeddable":true,"href":"https:\/\/baldumarket.lt\/lt\/wp-json\/wp\/v2\/comments?post=103278"}],"wp:featuredmedia":[{"embeddable":true,"href":"https:\/\/baldumarket.lt\/lt\/wp-json\/wp\/v2\/media\/103271"}],"wp:attachment":[{"href":"https:\/\/baldumarket.lt\/lt\/wp-json\/wp\/v2\/media?parent=103278"}],"wp:term":[{"taxonomy":"product_brand","embeddable":true,"href":"https:\/\/baldumarket.lt\/lt\/wp-json\/wp\/v2\/product_brand?post=103278"},{"taxonomy":"product_cat","embeddable":true,"href":"https:\/\/baldumarket.lt\/lt\/wp-json\/wp\/v2\/product_cat?post=103278"},{"taxonomy":"product_tag","embeddable":true,"href":"https:\/\/baldumarket.lt\/lt\/wp-json\/wp\/v2\/product_tag?post=103278"}],"curies":[{"name":"wp","href":"https:\/\/api.w.org\/{rel}","templated":true}]}}