{"id":103249,"date":"2025-12-08T00:46:50","date_gmt":"2025-12-07T21:46:50","guid":{"rendered":"https:\/\/baldumarket.lt\/?post_type=product&#038;p=103249"},"modified":"2026-04-13T00:38:47","modified_gmt":"2026-04-12T21:38:47","slug":"basic-stk-1914-2-premium-gr-l2","status":"publish","type":"product","link":"https:\/\/baldumarket.lt\/lt\/product\/basic-stk-1914-2-premium-gr-l2\/","title":{"rendered":"Basic STK-1914\/2 Premium Gr-L2"},"content":{"rendered":"<p>metalinis pagrindas + buko\/\u0105\u017euolo mediena_Kava<br \/>\nmaksimalus stalvir\u0161io dydis: 800 \u00d7 800<br \/>\nkry\u017eius prie pagrindo pagamintas i\u0161 dirbtin\u0117s polimerin\u0117s med\u017eiagos<\/p>","protected":false},"excerpt":{"rendered":"<p>metalinis pagrindas + buko\/\u0105\u017euolo mediena_Kavos spalvos maksimalus stalvir\u0161io dydis: 800 \u00d7 800 kry\u017eelis prie pagrindo pagamintas i\u0161 dirbtin\u0117s polimerin\u0117s med\u017eiagos<\/p>","protected":false},"featured_media":103243,"comment_status":"open","ping_status":"closed","template":"","meta":[],"product_brand":[],"product_cat":[9133],"product_tag":[],"class_list":{"0":"post-103249","1":"product","2":"type-product","3":"status-publish","4":"has-post-thumbnail","6":"product_cat-grouped","8":"first","9":"instock","10":"shipping-taxable","11":"product-type-variable","12":"wvs-archive-product-wrapper"},"_links":{"self":[{"href":"https:\/\/baldumarket.lt\/lt\/wp-json\/wp\/v2\/product\/103249","targetHints":{"allow":["GET"]}}],"collection":[{"href":"https:\/\/baldumarket.lt\/lt\/wp-json\/wp\/v2\/product"}],"about":[{"href":"https:\/\/baldumarket.lt\/lt\/wp-json\/wp\/v2\/types\/product"}],"replies":[{"embeddable":true,"href":"https:\/\/baldumarket.lt\/lt\/wp-json\/wp\/v2\/comments?post=103249"}],"wp:featuredmedia":[{"embeddable":true,"href":"https:\/\/baldumarket.lt\/lt\/wp-json\/wp\/v2\/media\/103243"}],"wp:attachment":[{"href":"https:\/\/baldumarket.lt\/lt\/wp-json\/wp\/v2\/media?parent=103249"}],"wp:term":[{"taxonomy":"product_brand","embeddable":true,"href":"https:\/\/baldumarket.lt\/lt\/wp-json\/wp\/v2\/product_brand?post=103249"},{"taxonomy":"product_cat","embeddable":true,"href":"https:\/\/baldumarket.lt\/lt\/wp-json\/wp\/v2\/product_cat?post=103249"},{"taxonomy":"product_tag","embeddable":true,"href":"https:\/\/baldumarket.lt\/lt\/wp-json\/wp\/v2\/product_tag?post=103249"}],"curies":[{"name":"wp","href":"https:\/\/api.w.org\/{rel}","templated":true}]}}