{"id":103047,"date":"2025-12-08T00:27:30","date_gmt":"2025-12-07T21:27:30","guid":{"rendered":"https:\/\/baldumarket.lt\/?post_type=product&#038;p=103047"},"modified":"2026-04-13T00:38:47","modified_gmt":"2026-04-12T21:38:47","slug":"basic-stk-1911-2-standard-gr-c","status":"publish","type":"product","link":"https:\/\/baldumarket.lt\/lt\/product\/basic-stk-1911-2-standard-gr-c\/","title":{"rendered":"Basic STK-1911\/2 Standartinis Gr-C"},"content":{"rendered":"<p>Metalinis pagrindas + buko\/\u0105\u017euolo mediena_kavos spalva<br \/>\nDid\u017eiausias stalvir\u0161io dydis: 800 mm<br \/>\nKry\u017eiaus pagrindas pagamintas i\u0161 plastiko<\/p>","protected":false},"excerpt":{"rendered":"<p>Metalinis pagrindas + buko\/\u0105\u017euolo mediena_kavos mediena Maksimalus stalvir\u0161io dydis: 800 mm Pagrindo kry\u017eius pagamintas i\u0161 plastiko<\/p>","protected":false},"featured_media":103061,"comment_status":"open","ping_status":"closed","template":"","meta":[],"product_brand":[],"product_cat":[9133],"product_tag":[],"class_list":{"0":"post-103047","1":"product","2":"type-product","3":"status-publish","4":"has-post-thumbnail","6":"product_cat-grouped","8":"first","9":"instock","10":"shipping-taxable","11":"product-type-variable","12":"wvs-archive-product-wrapper"},"_links":{"self":[{"href":"https:\/\/baldumarket.lt\/lt\/wp-json\/wp\/v2\/product\/103047","targetHints":{"allow":["GET"]}}],"collection":[{"href":"https:\/\/baldumarket.lt\/lt\/wp-json\/wp\/v2\/product"}],"about":[{"href":"https:\/\/baldumarket.lt\/lt\/wp-json\/wp\/v2\/types\/product"}],"replies":[{"embeddable":true,"href":"https:\/\/baldumarket.lt\/lt\/wp-json\/wp\/v2\/comments?post=103047"}],"wp:featuredmedia":[{"embeddable":true,"href":"https:\/\/baldumarket.lt\/lt\/wp-json\/wp\/v2\/media\/103061"}],"wp:attachment":[{"href":"https:\/\/baldumarket.lt\/lt\/wp-json\/wp\/v2\/media?parent=103047"}],"wp:term":[{"taxonomy":"product_brand","embeddable":true,"href":"https:\/\/baldumarket.lt\/lt\/wp-json\/wp\/v2\/product_brand?post=103047"},{"taxonomy":"product_cat","embeddable":true,"href":"https:\/\/baldumarket.lt\/lt\/wp-json\/wp\/v2\/product_cat?post=103047"},{"taxonomy":"product_tag","embeddable":true,"href":"https:\/\/baldumarket.lt\/lt\/wp-json\/wp\/v2\/product_tag?post=103047"}],"curies":[{"name":"wp","href":"https:\/\/api.w.org\/{rel}","templated":true}]}}