{"id":102687,"date":"2025-12-07T23:50:33","date_gmt":"2025-12-07T20:50:33","guid":{"rendered":"https:\/\/baldumarket.lt\/?post_type=product&#038;p=102687"},"modified":"2026-04-13T00:38:47","modified_gmt":"2026-04-12T21:38:47","slug":"basic-st-1915-2-standard-gr-c","status":"publish","type":"product","link":"https:\/\/baldumarket.lt\/lt\/product\/basic-st-1915-2-standard-gr-c\/","title":{"rendered":"Basic ST-1915\/2 Standartinis Gr-C"},"content":{"rendered":"<p>Metalinis pagrindas + buko \/ \u0105\u017euolo mediena<br \/>\nDid\u017eiausias stalvir\u0161io dydis: 1600 \u00d7 900<br \/>\nKry\u017eiaus pagrindas pagamintas i\u0161 plastiko<\/p>","protected":false},"excerpt":{"rendered":"<p>Metalinis pagrindas + buko\/\u0105\u017euolo mediena. Did\u017eiausias stalvir\u0161io dydis: 1600 \u00d7 900. Kry\u017eminis pagrindas pagamintas i\u0161 plastiko.<\/p>","protected":false},"featured_media":102701,"comment_status":"open","ping_status":"closed","template":"","meta":[],"product_brand":[],"product_cat":[9133],"product_tag":[],"class_list":{"0":"post-102687","1":"product","2":"type-product","3":"status-publish","4":"has-post-thumbnail","6":"product_cat-grouped","8":"first","9":"instock","10":"shipping-taxable","11":"product-type-variable","12":"wvs-archive-product-wrapper"},"_links":{"self":[{"href":"https:\/\/baldumarket.lt\/lt\/wp-json\/wp\/v2\/product\/102687","targetHints":{"allow":["GET"]}}],"collection":[{"href":"https:\/\/baldumarket.lt\/lt\/wp-json\/wp\/v2\/product"}],"about":[{"href":"https:\/\/baldumarket.lt\/lt\/wp-json\/wp\/v2\/types\/product"}],"replies":[{"embeddable":true,"href":"https:\/\/baldumarket.lt\/lt\/wp-json\/wp\/v2\/comments?post=102687"}],"wp:featuredmedia":[{"embeddable":true,"href":"https:\/\/baldumarket.lt\/lt\/wp-json\/wp\/v2\/media\/102701"}],"wp:attachment":[{"href":"https:\/\/baldumarket.lt\/lt\/wp-json\/wp\/v2\/media?parent=102687"}],"wp:term":[{"taxonomy":"product_brand","embeddable":true,"href":"https:\/\/baldumarket.lt\/lt\/wp-json\/wp\/v2\/product_brand?post=102687"},{"taxonomy":"product_cat","embeddable":true,"href":"https:\/\/baldumarket.lt\/lt\/wp-json\/wp\/v2\/product_cat?post=102687"},{"taxonomy":"product_tag","embeddable":true,"href":"https:\/\/baldumarket.lt\/lt\/wp-json\/wp\/v2\/product_tag?post=102687"}],"curies":[{"name":"wp","href":"https:\/\/api.w.org\/{rel}","templated":true}]}}