{"id":102350,"date":"2025-12-07T23:17:00","date_gmt":"2025-12-07T20:17:00","guid":{"rendered":"https:\/\/baldumarket.lt\/?post_type=product&#038;p=102350"},"modified":"2026-04-12T00:52:17","modified_gmt":"2026-04-11T21:52:17","slug":"b-9-4-standard-gr-l1","status":"publish","type":"product","link":"https:\/\/baldumarket.lt\/lt\/product\/b-9-4-standard-gr-l1\/","title":{"rendered":"B-9\/4 Standartinis Gr-L1"},"content":{"rendered":"<p>B-9 \u2013 tai nesenstantis, klasikinio stiliaus rankomis lenktas fotelis. Da\u017enai naudojamas garsaus ir gerbiamo pranc\u016bz\u0173 architekto Le Corbusier projektuose.<\/p>","protected":false},"excerpt":{"rendered":"<p>B-9 \u2013 tai nesenstantis, klasikinio stiliaus rankomis lenktas fotelis. Da\u017enai naudojamas garsaus ir gerbiamo pranc\u016bz\u0173 architekto Le Corbusier projektuose.<\/p>","protected":false},"featured_media":102360,"comment_status":"open","ping_status":"closed","template":"","meta":[],"product_brand":[],"product_cat":[9133],"product_tag":[],"class_list":{"0":"post-102350","1":"product","2":"type-product","3":"status-publish","4":"has-post-thumbnail","6":"product_cat-grouped","8":"first","9":"instock","10":"shipping-taxable","11":"purchasable","12":"product-type-variable","13":"wvs-archive-product-wrapper"},"_links":{"self":[{"href":"https:\/\/baldumarket.lt\/lt\/wp-json\/wp\/v2\/product\/102350","targetHints":{"allow":["GET"]}}],"collection":[{"href":"https:\/\/baldumarket.lt\/lt\/wp-json\/wp\/v2\/product"}],"about":[{"href":"https:\/\/baldumarket.lt\/lt\/wp-json\/wp\/v2\/types\/product"}],"replies":[{"embeddable":true,"href":"https:\/\/baldumarket.lt\/lt\/wp-json\/wp\/v2\/comments?post=102350"}],"wp:featuredmedia":[{"embeddable":true,"href":"https:\/\/baldumarket.lt\/lt\/wp-json\/wp\/v2\/media\/102360"}],"wp:attachment":[{"href":"https:\/\/baldumarket.lt\/lt\/wp-json\/wp\/v2\/media?parent=102350"}],"wp:term":[{"taxonomy":"product_brand","embeddable":true,"href":"https:\/\/baldumarket.lt\/lt\/wp-json\/wp\/v2\/product_brand?post=102350"},{"taxonomy":"product_cat","embeddable":true,"href":"https:\/\/baldumarket.lt\/lt\/wp-json\/wp\/v2\/product_cat?post=102350"},{"taxonomy":"product_tag","embeddable":true,"href":"https:\/\/baldumarket.lt\/lt\/wp-json\/wp\/v2\/product_tag?post=102350"}],"curies":[{"name":"wp","href":"https:\/\/api.w.org\/{rel}","templated":true}]}}