{"id":102208,"date":"2025-12-07T23:04:45","date_gmt":"2025-12-07T20:04:45","guid":{"rendered":"https:\/\/baldumarket.lt\/?post_type=product&#038;p=102208"},"modified":"2026-04-12T00:52:17","modified_gmt":"2026-04-11T21:52:17","slug":"b-811-2-standard-gr-a","status":"publish","type":"product","link":"https:\/\/baldumarket.lt\/lt\/product\/b-811-2-standard-gr-a\/","title":{"rendered":"B-811\/2 Standartinis Gr-A"},"content":{"rendered":"<p>811 k\u0117d\u0117 ir fotelis yra \u201cam\u017einai \u017ealiuojantys\u201d augalai, kuri\u0173 i\u0161takos siekia XX a. 4-\u0105j\u012f de\u0161imtmet\u012f. Originalus dizainas priskiriamas Josephui Hoffmanui, Oswaldui Haerdtlui arba Josefui Frankui. \u0160is universalus ir ikoni\u0161kas modelis yra lygaus, apmu\u0161to ir matinio pavir\u0161iaus.<\/p>","protected":false},"excerpt":{"rendered":"<p>811 k\u0117d\u0117 ir fotelis yra \u201cam\u017einai \u017ealiuojantys\u201d augalai, kuri\u0173 i\u0161takos siekia XX a. 4-\u0105j\u012f de\u0161imtmet\u012f. Originalus dizainas priskiriamas Josephui Hoffmanui, Oswaldui Haerdtlui arba Josefui Frankui. \u0160is universalus ir ikoni\u0161kas modelis yra lygaus, apmu\u0161to ir matinio pavir\u0161iaus.<\/p>","protected":false},"featured_media":102226,"comment_status":"open","ping_status":"closed","template":"","meta":[],"product_brand":[],"product_cat":[9133],"product_tag":[],"class_list":{"0":"post-102208","1":"product","2":"type-product","3":"status-publish","4":"has-post-thumbnail","6":"product_cat-grouped","8":"first","9":"instock","10":"shipping-taxable","11":"product-type-variable","12":"wvs-archive-product-wrapper"},"_links":{"self":[{"href":"https:\/\/baldumarket.lt\/lt\/wp-json\/wp\/v2\/product\/102208","targetHints":{"allow":["GET"]}}],"collection":[{"href":"https:\/\/baldumarket.lt\/lt\/wp-json\/wp\/v2\/product"}],"about":[{"href":"https:\/\/baldumarket.lt\/lt\/wp-json\/wp\/v2\/types\/product"}],"replies":[{"embeddable":true,"href":"https:\/\/baldumarket.lt\/lt\/wp-json\/wp\/v2\/comments?post=102208"}],"wp:featuredmedia":[{"embeddable":true,"href":"https:\/\/baldumarket.lt\/lt\/wp-json\/wp\/v2\/media\/102226"}],"wp:attachment":[{"href":"https:\/\/baldumarket.lt\/lt\/wp-json\/wp\/v2\/media?parent=102208"}],"wp:term":[{"taxonomy":"product_brand","embeddable":true,"href":"https:\/\/baldumarket.lt\/lt\/wp-json\/wp\/v2\/product_brand?post=102208"},{"taxonomy":"product_cat","embeddable":true,"href":"https:\/\/baldumarket.lt\/lt\/wp-json\/wp\/v2\/product_cat?post=102208"},{"taxonomy":"product_tag","embeddable":true,"href":"https:\/\/baldumarket.lt\/lt\/wp-json\/wp\/v2\/product_tag?post=102208"}],"curies":[{"name":"wp","href":"https:\/\/api.w.org\/{rel}","templated":true}]}}