{"id":102146,"date":"2025-12-07T22:59:00","date_gmt":"2025-12-07T19:59:00","guid":{"rendered":"https:\/\/baldumarket.lt\/?post_type=product&#038;p=102146"},"modified":"2026-04-12T00:52:17","modified_gmt":"2026-04-11T21:52:17","slug":"b-811-standard-gr-l2","status":"publish","type":"product","link":"https:\/\/baldumarket.lt\/lt\/product\/b-811-standard-gr-l2\/","title":{"rendered":"B-811 Standartinis Gr-L2"},"content":{"rendered":"<p>811 k\u0117d\u0117 ir fotelis yra \u201cam\u017einai \u017ealiuojantys\u201d augalai, kuri\u0173 i\u0161takos siekia XX a. 4-\u0105j\u012f de\u0161imtmet\u012f. Originalus dizainas priskiriamas Josephui Hoffmanui, Oswaldui Haerdtlui arba Josefui Frankui. \u0160is universalus ir ikoni\u0161kas modelis yra lygaus, apmu\u0161to ir matinio pavir\u0161iaus.<\/p>","protected":false},"excerpt":{"rendered":"<p>811 k\u0117d\u0117 ir fotelis yra \u201cam\u017einai \u017ealiuojantys\u201d augalai, kuri\u0173 i\u0161takos siekia XX a. 4-\u0105j\u012f de\u0161imtmet\u012f. Originalus dizainas priskiriamas Josephui Hoffmanui, Oswaldui Haerdtlui arba Josefui Frankui. \u0160is universalus ir ikoni\u0161kas modelis yra lygaus, apmu\u0161to ir matinio pavir\u0161iaus.<\/p>","protected":false},"featured_media":102154,"comment_status":"open","ping_status":"closed","template":"","meta":[],"product_brand":[],"product_cat":[9133],"product_tag":[],"class_list":{"0":"post-102146","1":"product","2":"type-product","3":"status-publish","4":"has-post-thumbnail","6":"product_cat-grouped","8":"first","9":"instock","10":"shipping-taxable","11":"product-type-variable","12":"wvs-archive-product-wrapper"},"_links":{"self":[{"href":"https:\/\/baldumarket.lt\/lt\/wp-json\/wp\/v2\/product\/102146","targetHints":{"allow":["GET"]}}],"collection":[{"href":"https:\/\/baldumarket.lt\/lt\/wp-json\/wp\/v2\/product"}],"about":[{"href":"https:\/\/baldumarket.lt\/lt\/wp-json\/wp\/v2\/types\/product"}],"replies":[{"embeddable":true,"href":"https:\/\/baldumarket.lt\/lt\/wp-json\/wp\/v2\/comments?post=102146"}],"wp:featuredmedia":[{"embeddable":true,"href":"https:\/\/baldumarket.lt\/lt\/wp-json\/wp\/v2\/media\/102154"}],"wp:attachment":[{"href":"https:\/\/baldumarket.lt\/lt\/wp-json\/wp\/v2\/media?parent=102146"}],"wp:term":[{"taxonomy":"product_brand","embeddable":true,"href":"https:\/\/baldumarket.lt\/lt\/wp-json\/wp\/v2\/product_brand?post=102146"},{"taxonomy":"product_cat","embeddable":true,"href":"https:\/\/baldumarket.lt\/lt\/wp-json\/wp\/v2\/product_cat?post=102146"},{"taxonomy":"product_tag","embeddable":true,"href":"https:\/\/baldumarket.lt\/lt\/wp-json\/wp\/v2\/product_tag?post=102146"}],"curies":[{"name":"wp","href":"https:\/\/api.w.org\/{rel}","templated":true}]}}