{"id":102077,"date":"2025-12-07T22:52:47","date_gmt":"2025-12-07T19:52:47","guid":{"rendered":"https:\/\/baldumarket.lt\/?post_type=product&#038;p=102077"},"modified":"2026-04-12T00:52:17","modified_gmt":"2026-04-11T21:52:17","slug":"b-165-standard-gr-l1","status":"publish","type":"product","link":"https:\/\/baldumarket.lt\/lt\/product\/b-165-standard-gr-l1\/","title":{"rendered":"B-165 Standartinis Gr-L1"},"content":{"rendered":"<p>\u0160ios gerai \u017einomos ir mylimos \u201eThonet\u201c k\u0117d\u0117s prototipas A-165 buvo sukurtas 1885 m. Tipi\u0161kas \u0161io modelio bruo\u017eas \u2013 atlo\u0161\u0105 u\u017epildantis faneros ventiliatorius.<\/p>","protected":false},"excerpt":{"rendered":"<p>\u0160ios gerai \u017einomos ir mylimos \u201eThonet\u201c k\u0117d\u0117s prototipas A-165 buvo sukurtas 1885 m. Tipi\u0161kas \u0161io modelio bruo\u017eas \u2013 atlo\u0161\u0105 u\u017epildantis faneros ventiliatorius.<\/p>","protected":false},"featured_media":102087,"comment_status":"open","ping_status":"closed","template":"","meta":[],"product_brand":[],"product_cat":[9133],"product_tag":[],"class_list":{"0":"post-102077","1":"product","2":"type-product","3":"status-publish","4":"has-post-thumbnail","6":"product_cat-grouped","8":"first","9":"instock","10":"shipping-taxable","11":"product-type-variable","12":"wvs-archive-product-wrapper"},"_links":{"self":[{"href":"https:\/\/baldumarket.lt\/lt\/wp-json\/wp\/v2\/product\/102077","targetHints":{"allow":["GET"]}}],"collection":[{"href":"https:\/\/baldumarket.lt\/lt\/wp-json\/wp\/v2\/product"}],"about":[{"href":"https:\/\/baldumarket.lt\/lt\/wp-json\/wp\/v2\/types\/product"}],"replies":[{"embeddable":true,"href":"https:\/\/baldumarket.lt\/lt\/wp-json\/wp\/v2\/comments?post=102077"}],"wp:featuredmedia":[{"embeddable":true,"href":"https:\/\/baldumarket.lt\/lt\/wp-json\/wp\/v2\/media\/102087"}],"wp:attachment":[{"href":"https:\/\/baldumarket.lt\/lt\/wp-json\/wp\/v2\/media?parent=102077"}],"wp:term":[{"taxonomy":"product_brand","embeddable":true,"href":"https:\/\/baldumarket.lt\/lt\/wp-json\/wp\/v2\/product_brand?post=102077"},{"taxonomy":"product_cat","embeddable":true,"href":"https:\/\/baldumarket.lt\/lt\/wp-json\/wp\/v2\/product_cat?post=102077"},{"taxonomy":"product_tag","embeddable":true,"href":"https:\/\/baldumarket.lt\/lt\/wp-json\/wp\/v2\/product_tag?post=102077"}],"curies":[{"name":"wp","href":"https:\/\/api.w.org\/{rel}","templated":true}]}}