{"id":102011,"date":"2025-12-07T22:46:31","date_gmt":"2025-12-07T19:46:31","guid":{"rendered":"https:\/\/baldumarket.lt\/?post_type=product&#038;p=102011"},"modified":"2026-04-12T00:52:17","modified_gmt":"2026-04-11T21:52:17","slug":"b-1110-standard-gr-l1","status":"publish","type":"product","link":"https:\/\/baldumarket.lt\/lt\/product\/b-1110-standard-gr-l1\/","title":{"rendered":"B-1110 Standartinis Gr-L1"},"content":{"rendered":"<p>B-1110 fotelis yra vienas klasiki\u0161kiausi\u0173, tradici\u0161kiausi\u0173 ir originaliausi\u0173 lenktos medienos foteli\u0173. Pirmasis \u0161io dizaino pamin\u0117jimas datuojamas 1895 m. \u0160is modelis buvo viena i\u0161 da\u017eniausiai naudojam\u0173 biuro k\u0117d\u017ei\u0173.<\/p>","protected":false},"excerpt":{"rendered":"<p>B-1110 fotelis yra vienas klasiki\u0161kiausi\u0173, tradici\u0161kiausi\u0173 ir originaliausi\u0173 lenktos medienos foteli\u0173. Pirmasis \u0161io dizaino pamin\u0117jimas datuojamas 1895 m. \u0160is modelis buvo viena i\u0161 da\u017eniausiai naudojam\u0173 biuro k\u0117d\u017ei\u0173.<\/p>","protected":false},"featured_media":102021,"comment_status":"open","ping_status":"closed","template":"","meta":[],"product_brand":[],"product_cat":[9133],"product_tag":[],"class_list":{"0":"post-102011","1":"product","2":"type-product","3":"status-publish","4":"has-post-thumbnail","6":"product_cat-grouped","8":"first","9":"instock","10":"shipping-taxable","11":"product-type-variable","12":"wvs-archive-product-wrapper"},"_links":{"self":[{"href":"https:\/\/baldumarket.lt\/lt\/wp-json\/wp\/v2\/product\/102011","targetHints":{"allow":["GET"]}}],"collection":[{"href":"https:\/\/baldumarket.lt\/lt\/wp-json\/wp\/v2\/product"}],"about":[{"href":"https:\/\/baldumarket.lt\/lt\/wp-json\/wp\/v2\/types\/product"}],"replies":[{"embeddable":true,"href":"https:\/\/baldumarket.lt\/lt\/wp-json\/wp\/v2\/comments?post=102011"}],"wp:featuredmedia":[{"embeddable":true,"href":"https:\/\/baldumarket.lt\/lt\/wp-json\/wp\/v2\/media\/102021"}],"wp:attachment":[{"href":"https:\/\/baldumarket.lt\/lt\/wp-json\/wp\/v2\/media?parent=102011"}],"wp:term":[{"taxonomy":"product_brand","embeddable":true,"href":"https:\/\/baldumarket.lt\/lt\/wp-json\/wp\/v2\/product_brand?post=102011"},{"taxonomy":"product_cat","embeddable":true,"href":"https:\/\/baldumarket.lt\/lt\/wp-json\/wp\/v2\/product_cat?post=102011"},{"taxonomy":"product_tag","embeddable":true,"href":"https:\/\/baldumarket.lt\/lt\/wp-json\/wp\/v2\/product_tag?post=102011"}],"curies":[{"name":"wp","href":"https:\/\/api.w.org\/{rel}","templated":true}]}}