{"id":101960,"date":"2025-12-07T22:41:32","date_gmt":"2025-12-07T19:41:32","guid":{"rendered":"https:\/\/baldumarket.lt\/?post_type=product&#038;p=101960"},"modified":"2026-02-11T02:17:33","modified_gmt":"2026-02-10T23:17:33","slug":"avola-bst-1411-premium-gr-c","status":"publish","type":"product","link":"https:\/\/baldumarket.lt\/lt\/product\/avola-bst-1411-premium-gr-c\/","title":{"rendered":"Avola BST-1411 Premium Gr-C"},"content":{"rendered":"<p>Dizainas: STROOG Andrzej L\u0119cko\u015b<br \/>\n\u201eAvola\u201c \u2013 tai klasikin\u0117 baro k\u0117d\u0117, puikiai tinkanti restoranams. Ji pasi\u017eymi pla\u010diu, kibiro formos atlo\u0161u ir apmu\u0161ta s\u0117dyne.<\/p>","protected":false},"excerpt":{"rendered":"<p>Dizainas: STROOG Andrzej L\u0119cko\u015b \u201eAvola\u201c \u2013 klasikin\u0117 baro k\u0117d\u0117, puikiai tinkanti restoranams. Ji pasi\u017eymi pla\u010diu, kibiro formos atlo\u0161u ir apmu\u0161ta s\u0117dyne.<\/p>","protected":false},"featured_media":101954,"comment_status":"open","ping_status":"closed","template":"","meta":[],"product_brand":[],"product_cat":[9133],"product_tag":[],"class_list":{"0":"post-101960","1":"product","2":"type-product","3":"status-publish","4":"has-post-thumbnail","6":"product_cat-grouped","8":"first","9":"instock","10":"shipping-taxable","11":"product-type-variable","12":"wvs-archive-product-wrapper"},"_links":{"self":[{"href":"https:\/\/baldumarket.lt\/lt\/wp-json\/wp\/v2\/product\/101960","targetHints":{"allow":["GET"]}}],"collection":[{"href":"https:\/\/baldumarket.lt\/lt\/wp-json\/wp\/v2\/product"}],"about":[{"href":"https:\/\/baldumarket.lt\/lt\/wp-json\/wp\/v2\/types\/product"}],"replies":[{"embeddable":true,"href":"https:\/\/baldumarket.lt\/lt\/wp-json\/wp\/v2\/comments?post=101960"}],"wp:featuredmedia":[{"embeddable":true,"href":"https:\/\/baldumarket.lt\/lt\/wp-json\/wp\/v2\/media\/101954"}],"wp:attachment":[{"href":"https:\/\/baldumarket.lt\/lt\/wp-json\/wp\/v2\/media?parent=101960"}],"wp:term":[{"taxonomy":"product_brand","embeddable":true,"href":"https:\/\/baldumarket.lt\/lt\/wp-json\/wp\/v2\/product_brand?post=101960"},{"taxonomy":"product_cat","embeddable":true,"href":"https:\/\/baldumarket.lt\/lt\/wp-json\/wp\/v2\/product_cat?post=101960"},{"taxonomy":"product_tag","embeddable":true,"href":"https:\/\/baldumarket.lt\/lt\/wp-json\/wp\/v2\/product_tag?post=101960"}],"curies":[{"name":"wp","href":"https:\/\/api.w.org\/{rel}","templated":true}]}}