{"id":101915,"date":"2025-12-07T22:38:10","date_gmt":"2025-12-07T19:38:10","guid":{"rendered":"https:\/\/baldumarket.lt\/?post_type=product&#038;p=101915"},"modified":"2026-02-11T01:54:40","modified_gmt":"2026-02-10T22:54:40","slug":"avola-a-1411-premium-gr-a","status":"publish","type":"product","link":"https:\/\/baldumarket.lt\/lt\/product\/avola-a-1411-premium-gr-a\/","title":{"rendered":"Avola A-1411 Premium Gr-A"},"content":{"rendered":"<p>Dizainas: STROOG Andrzej L\u0119cko\u015b<br \/>\nKlasikiniai bistro modeliai. B\u016bdingi plat\u016bs, kibiro formos atlo\u0161ai ir apmu\u0161tos s\u0117dyn\u0117s \u017eavi savo estetika ir patogumu.<\/p>","protected":false},"excerpt":{"rendered":"<p>Dizainas: STROOG Andrzej L\u0119cko\u015b Klasikiniai bistro modeliai. B\u016bdingi plat\u016bs, kibiro formos atlo\u0161ai ir apmu\u0161tos s\u0117dyn\u0117s \u017eavi savo estetika ir patogumu.<\/p>","protected":false},"featured_media":101920,"comment_status":"open","ping_status":"closed","template":"","meta":[],"product_brand":[],"product_cat":[9133],"product_tag":[],"class_list":{"0":"post-101915","1":"product","2":"type-product","3":"status-publish","4":"has-post-thumbnail","6":"product_cat-grouped","8":"first","9":"instock","10":"shipping-taxable","11":"product-type-variable","12":"wvs-archive-product-wrapper"},"_links":{"self":[{"href":"https:\/\/baldumarket.lt\/lt\/wp-json\/wp\/v2\/product\/101915","targetHints":{"allow":["GET"]}}],"collection":[{"href":"https:\/\/baldumarket.lt\/lt\/wp-json\/wp\/v2\/product"}],"about":[{"href":"https:\/\/baldumarket.lt\/lt\/wp-json\/wp\/v2\/types\/product"}],"replies":[{"embeddable":true,"href":"https:\/\/baldumarket.lt\/lt\/wp-json\/wp\/v2\/comments?post=101915"}],"wp:featuredmedia":[{"embeddable":true,"href":"https:\/\/baldumarket.lt\/lt\/wp-json\/wp\/v2\/media\/101920"}],"wp:attachment":[{"href":"https:\/\/baldumarket.lt\/lt\/wp-json\/wp\/v2\/media?parent=101915"}],"wp:term":[{"taxonomy":"product_brand","embeddable":true,"href":"https:\/\/baldumarket.lt\/lt\/wp-json\/wp\/v2\/product_brand?post=101915"},{"taxonomy":"product_cat","embeddable":true,"href":"https:\/\/baldumarket.lt\/lt\/wp-json\/wp\/v2\/product_cat?post=101915"},{"taxonomy":"product_tag","embeddable":true,"href":"https:\/\/baldumarket.lt\/lt\/wp-json\/wp\/v2\/product_tag?post=101915"}],"curies":[{"name":"wp","href":"https:\/\/api.w.org\/{rel}","templated":true}]}}