{"id":101861,"date":"2025-12-07T22:32:35","date_gmt":"2025-12-07T19:32:35","guid":{"rendered":"https:\/\/baldumarket.lt\/?post_type=product&#038;p=101861"},"modified":"2026-02-11T02:37:51","modified_gmt":"2026-02-10T23:37:51","slug":"atu-a-2302-premium-gr-l1","status":"publish","type":"product","link":"https:\/\/baldumarket.lt\/lt\/product\/atu-a-2302-premium-gr-l1\/","title":{"rendered":"Atu A-2302 Premium Gr-L1"},"content":{"rendered":"<p>Dizainas: Pawlak &amp; Stawarski<br \/>\nPaprast\u0173, bet rafinuot\u0173 bald\u0173 kolekcija su subtiliomis detal\u0117mis. Kolekcijos stipryb\u0117 slypi jos universalume. Supaprastinta forma leid\u017eia k\u0117d\u0117ms tinka daugeliui situacij\u0173 \u2013 tiek namuose, tiek vie\u0161ose erdv\u0117se. Paprastos formos atskleid\u017eia nat\u016bralios medienos, i\u0161 kurios jos pagamintos, gro\u017e\u012f, o daugyb\u0117 galim\u0173 apdailos variant\u0173 suteikia begalines galimybes pritaikyti baldus pagal j\u016bs\u0173 poreikius. Klasikinis k\u0117d\u0117s ir fotelio dizainas pabr\u0117\u017eia j\u0173 nesenstant\u012f charakter\u012f ir eleganti\u0161kus siluetus.<\/p>","protected":false},"excerpt":{"rendered":"<p>Dizainas: Pawlak &amp; Stawarski. Paprast\u0173, bet rafinuot\u0173 bald\u0173 kolekcija su subtiliomis detal\u0117mis. Kolekcijos stipryb\u0117 slypi jos universalume. Supaprastinta forma leid\u017eia k\u0117d\u0117ms tinka daugeliui situacij\u0173 \u2013 tiek namuose, tiek vie\u0161ose erdv\u0117se. Paprastos formos atskleid\u017eia nat\u016bralios medienos, i\u0161 kurios jos pagamintos, gro\u017e\u012f, o [\u2026]<\/p>","protected":false},"featured_media":101851,"comment_status":"open","ping_status":"closed","template":"","meta":[],"product_brand":[],"product_cat":[9133],"product_tag":[],"class_list":{"0":"post-101861","1":"product","2":"type-product","3":"status-publish","4":"has-post-thumbnail","6":"product_cat-grouped","8":"first","9":"instock","10":"shipping-taxable","11":"product-type-variable","12":"wvs-archive-product-wrapper"},"_links":{"self":[{"href":"https:\/\/baldumarket.lt\/lt\/wp-json\/wp\/v2\/product\/101861","targetHints":{"allow":["GET"]}}],"collection":[{"href":"https:\/\/baldumarket.lt\/lt\/wp-json\/wp\/v2\/product"}],"about":[{"href":"https:\/\/baldumarket.lt\/lt\/wp-json\/wp\/v2\/types\/product"}],"replies":[{"embeddable":true,"href":"https:\/\/baldumarket.lt\/lt\/wp-json\/wp\/v2\/comments?post=101861"}],"wp:featuredmedia":[{"embeddable":true,"href":"https:\/\/baldumarket.lt\/lt\/wp-json\/wp\/v2\/media\/101851"}],"wp:attachment":[{"href":"https:\/\/baldumarket.lt\/lt\/wp-json\/wp\/v2\/media?parent=101861"}],"wp:term":[{"taxonomy":"product_brand","embeddable":true,"href":"https:\/\/baldumarket.lt\/lt\/wp-json\/wp\/v2\/product_brand?post=101861"},{"taxonomy":"product_cat","embeddable":true,"href":"https:\/\/baldumarket.lt\/lt\/wp-json\/wp\/v2\/product_cat?post=101861"},{"taxonomy":"product_tag","embeddable":true,"href":"https:\/\/baldumarket.lt\/lt\/wp-json\/wp\/v2\/product_tag?post=101861"}],"curies":[{"name":"wp","href":"https:\/\/api.w.org\/{rel}","templated":true}]}}