{"id":101734,"date":"2025-12-07T22:21:29","date_gmt":"2025-12-07T19:21:29","guid":{"rendered":"https:\/\/baldumarket.lt\/?post_type=product&#038;p=101734"},"modified":"2026-04-12T00:52:17","modified_gmt":"2026-04-11T21:52:17","slug":"arcos-b-1403-standard-gr-a","status":"publish","type":"product","link":"https:\/\/baldumarket.lt\/lt\/product\/arcos-b-1403-standard-gr-a\/","title":{"rendered":"Arcos B-1403 Standartinis Gr-A"},"content":{"rendered":"<p>Dizainas: STROOG Andrzej L\u0119cko\u015b<br \/>\n\u201eArcos\u201c kolekcija \u2013 tai moderni ir originali \u0161eima, kuri\u0105 sudaro k\u0117d\u0117, fotelis, baro k\u0117d\u0117, kavos staliukas ir valgomojo stalas. Baldams b\u016bdinga kubistin\u0117, ry\u017etinga forma, pabr\u0117\u017eianti medienos strukt\u016br\u0105 ir nat\u016bral\u0173 gro\u017e\u012f. Puikiai tinka ie\u0161kantiems moderni\u0173 form\u0173 su eleganti\u0161ku akcentu.<\/p>","protected":false},"excerpt":{"rendered":"<p>Dizainas: STROOG Andrzej L\u0119cko\u015b \u201eArcos\u201c kolekcija \u2013 tai moderni ir originali \u0161eima, kuri\u0105 sudaro k\u0117d\u0117, fotelis, baro k\u0117d\u0117, kavos staliukas ir valgomojo stalas. Baldams b\u016bdinga kubistin\u0117, ry\u017etinga forma, pabr\u0117\u017eianti medienos strukt\u016br\u0105 ir nat\u016bral\u0173 gro\u017e\u012f. Puikiai tinka ie\u0161kantiems moderni\u0173 form\u0173 su [\u2026]<\/p>","protected":false},"featured_media":101752,"comment_status":"open","ping_status":"closed","template":"","meta":[],"product_brand":[],"product_cat":[9133],"product_tag":[],"class_list":{"0":"post-101734","1":"product","2":"type-product","3":"status-publish","4":"has-post-thumbnail","6":"product_cat-grouped","8":"first","9":"instock","10":"shipping-taxable","11":"product-type-variable","12":"wvs-archive-product-wrapper"},"_links":{"self":[{"href":"https:\/\/baldumarket.lt\/lt\/wp-json\/wp\/v2\/product\/101734","targetHints":{"allow":["GET"]}}],"collection":[{"href":"https:\/\/baldumarket.lt\/lt\/wp-json\/wp\/v2\/product"}],"about":[{"href":"https:\/\/baldumarket.lt\/lt\/wp-json\/wp\/v2\/types\/product"}],"replies":[{"embeddable":true,"href":"https:\/\/baldumarket.lt\/lt\/wp-json\/wp\/v2\/comments?post=101734"}],"wp:featuredmedia":[{"embeddable":true,"href":"https:\/\/baldumarket.lt\/lt\/wp-json\/wp\/v2\/media\/101752"}],"wp:attachment":[{"href":"https:\/\/baldumarket.lt\/lt\/wp-json\/wp\/v2\/media?parent=101734"}],"wp:term":[{"taxonomy":"product_brand","embeddable":true,"href":"https:\/\/baldumarket.lt\/lt\/wp-json\/wp\/v2\/product_brand?post=101734"},{"taxonomy":"product_cat","embeddable":true,"href":"https:\/\/baldumarket.lt\/lt\/wp-json\/wp\/v2\/product_cat?post=101734"},{"taxonomy":"product_tag","embeddable":true,"href":"https:\/\/baldumarket.lt\/lt\/wp-json\/wp\/v2\/product_tag?post=101734"}],"curies":[{"name":"wp","href":"https:\/\/api.w.org\/{rel}","templated":true}]}}