{"id":101664,"date":"2025-12-07T22:14:37","date_gmt":"2025-12-07T19:14:37","guid":{"rendered":"https:\/\/baldumarket.lt\/?post_type=product&#038;p=101664"},"modified":"2026-02-11T02:37:36","modified_gmt":"2026-02-10T23:37:36","slug":"arch-a-1801-premium-gr-l1","status":"publish","type":"product","link":"https:\/\/baldumarket.lt\/lt\/product\/arch-a-1801-premium-gr-l1\/","title":{"rendered":"Arch A-1801 Premium Gr-L1"},"content":{"rendered":"<p>Dizainas: Pawlak &amp; Stawarski<br \/>\n\u201eArch\u201c kolekcijos kr\u0117slas ir fotelis semiasi \u012fkv\u0117pimo i\u0161 klasikini\u0173 foteli\u0173 ir k\u0117d\u017ei\u0173 form\u0173, ta\u010diau supaprastint\u0173 detali\u0173 d\u0117ka jie \u012fgauna labai modern\u0173 charakter\u012f. I\u0161rai\u0161kingos pagrindo i\u0161pjovos, \u012fkv\u0117ptos arkad\u0173, primena klasikin\u0119 architekt\u016br\u0105. Kiekvienos s\u0117dyn\u0117s pagrindas yra visi\u0161kai frezuotas skaitmeniniu b\u016bdu, tod\u0117l i\u0161gaunamos subtilios, nepastebimos savyb\u0117s, kuri\u0173 ne\u012fmanoma pasiekti naudojant tradicinius med\u017eio apdirbimo metodus. Atlo\u0161as i\u0161ry\u0161kina ry\u0161k\u0173 nat\u016bralios medienos pavir\u0161i\u0173, o \u012fvairaus storio faneros naudojimas suteikia dizainui subtilumo.<\/p>","protected":false},"excerpt":{"rendered":"<p>Dizainas: Pawlak &amp; Stawarski. \u201eArch\u201c kolekcijos kr\u0117slas ir fotelis semiasi \u012fkv\u0117pimo i\u0161 klasikini\u0173 foteli\u0173 ir k\u0117d\u017ei\u0173 form\u0173, ta\u010diau supaprastint\u0173 detali\u0173 d\u0117ka jie \u012fgauna labai modern\u0173 charakter\u012f. I\u0161rai\u0161kingos pagrindo i\u0161pjovos, \u012fkv\u0117ptos arkad\u0173, primena klasikin\u0119 architekt\u016br\u0105. Kiekvienos s\u0117dyn\u0117s pagrindas yra visi\u0161kai frezuotas skaitmeniniu b\u016bdu, tod\u0117l [\u2026]<\/p>","protected":false},"featured_media":101657,"comment_status":"open","ping_status":"closed","template":"","meta":[],"product_brand":[],"product_cat":[9133],"product_tag":[],"class_list":{"0":"post-101664","1":"product","2":"type-product","3":"status-publish","4":"has-post-thumbnail","6":"product_cat-grouped","8":"first","9":"instock","10":"shipping-taxable","11":"product-type-variable","12":"wvs-archive-product-wrapper"},"_links":{"self":[{"href":"https:\/\/baldumarket.lt\/lt\/wp-json\/wp\/v2\/product\/101664","targetHints":{"allow":["GET"]}}],"collection":[{"href":"https:\/\/baldumarket.lt\/lt\/wp-json\/wp\/v2\/product"}],"about":[{"href":"https:\/\/baldumarket.lt\/lt\/wp-json\/wp\/v2\/types\/product"}],"replies":[{"embeddable":true,"href":"https:\/\/baldumarket.lt\/lt\/wp-json\/wp\/v2\/comments?post=101664"}],"wp:featuredmedia":[{"embeddable":true,"href":"https:\/\/baldumarket.lt\/lt\/wp-json\/wp\/v2\/media\/101657"}],"wp:attachment":[{"href":"https:\/\/baldumarket.lt\/lt\/wp-json\/wp\/v2\/media?parent=101664"}],"wp:term":[{"taxonomy":"product_brand","embeddable":true,"href":"https:\/\/baldumarket.lt\/lt\/wp-json\/wp\/v2\/product_brand?post=101664"},{"taxonomy":"product_cat","embeddable":true,"href":"https:\/\/baldumarket.lt\/lt\/wp-json\/wp\/v2\/product_cat?post=101664"},{"taxonomy":"product_tag","embeddable":true,"href":"https:\/\/baldumarket.lt\/lt\/wp-json\/wp\/v2\/product_tag?post=101664"}],"curies":[{"name":"wp","href":"https:\/\/api.w.org\/{rel}","templated":true}]}}