{"id":101567,"date":"2025-12-07T22:05:27","date_gmt":"2025-12-07T19:05:27","guid":{"rendered":"https:\/\/baldumarket.lt\/?post_type=product&#038;p=101567"},"modified":"2026-04-23T09:16:55","modified_gmt":"2026-04-23T06:16:55","slug":"amada-bst-1413-premium-gr-l1","status":"publish","type":"product","link":"https:\/\/baldumarket.lt\/lt\/product\/amada-bst-1413-premium-gr-l1\/","title":{"rendered":"Amada BST-1413 Premium Gr-L1"},"content":{"rendered":"<p>Dizainas: STROOG Andrzej L\u0119cko\u015b<br \/>\n\u201eAmada\u201c \u2013 tai klasikin\u0117, patogi baro k\u0117d\u0117. Ji pasi\u017eymi kibiro formos, apmu\u0161tu atlo\u0161u ir apmu\u0161ta s\u0117dyne.<\/p>","protected":false},"excerpt":{"rendered":"<p>Dizainas: STROOG Andrzej L\u0119cko\u015b \u201eAmada\u201c \u2013 klasikin\u0117, patogi baro k\u0117d\u0117. Ji pasi\u017eymi kibiro formos, apmu\u0161tu atlo\u0161u ir apmu\u0161ta s\u0117dyne.<\/p>","protected":false},"featured_media":101558,"comment_status":"open","ping_status":"closed","template":"","meta":[],"product_brand":[],"product_cat":[9133],"product_tag":[],"class_list":{"0":"post-101567","1":"product","2":"type-product","3":"status-publish","4":"has-post-thumbnail","6":"product_cat-grouped","8":"first","9":"instock","10":"shipping-taxable","11":"purchasable","12":"product-type-variable","13":"wvs-archive-product-wrapper"},"_links":{"self":[{"href":"https:\/\/baldumarket.lt\/lt\/wp-json\/wp\/v2\/product\/101567","targetHints":{"allow":["GET"]}}],"collection":[{"href":"https:\/\/baldumarket.lt\/lt\/wp-json\/wp\/v2\/product"}],"about":[{"href":"https:\/\/baldumarket.lt\/lt\/wp-json\/wp\/v2\/types\/product"}],"replies":[{"embeddable":true,"href":"https:\/\/baldumarket.lt\/lt\/wp-json\/wp\/v2\/comments?post=101567"}],"wp:featuredmedia":[{"embeddable":true,"href":"https:\/\/baldumarket.lt\/lt\/wp-json\/wp\/v2\/media\/101558"}],"wp:attachment":[{"href":"https:\/\/baldumarket.lt\/lt\/wp-json\/wp\/v2\/media?parent=101567"}],"wp:term":[{"taxonomy":"product_brand","embeddable":true,"href":"https:\/\/baldumarket.lt\/lt\/wp-json\/wp\/v2\/product_brand?post=101567"},{"taxonomy":"product_cat","embeddable":true,"href":"https:\/\/baldumarket.lt\/lt\/wp-json\/wp\/v2\/product_cat?post=101567"},{"taxonomy":"product_tag","embeddable":true,"href":"https:\/\/baldumarket.lt\/lt\/wp-json\/wp\/v2\/product_tag?post=101567"}],"curies":[{"name":"wp","href":"https:\/\/api.w.org\/{rel}","templated":true}]}}