{"id":101402,"date":"2025-12-07T21:50:39","date_gmt":"2025-12-07T18:50:39","guid":{"rendered":"https:\/\/baldumarket.lt\/?post_type=product&#038;p=101402"},"modified":"2026-02-11T02:27:05","modified_gmt":"2026-02-10T23:27:05","slug":"akka-a-0336-premium-gr-d","status":"publish","type":"product","link":"https:\/\/baldumarket.lt\/lt\/product\/akka-a-0336-premium-gr-d\/","title":{"rendered":"Akka A-0336 Premium Gr-D"},"content":{"rendered":"<p>Dizainas: Charaziak Design<br \/>\n\u201eAkka\u201c k\u0117d\u0117 \u012fkv\u0117pta japoni\u0161ko minimalizmo ir pasi\u017eymi subtiliai kont\u016bruotu faneros atlo\u0161u bei asimetri\u0161komis kojel\u0117mis.<\/p>","protected":false},"excerpt":{"rendered":"<p>Dizainas: \u201eCharaziak Design\u201c. \u201eAkka\u201c k\u0117d\u0117 \u012fkv\u0117pta japoni\u0161ko minimalizmo ir pasi\u017eymi subtiliai kont\u016bruotu faneros atlo\u0161u bei asimetri\u0161komis kojel\u0117mis.<\/p>","protected":false},"featured_media":101396,"comment_status":"open","ping_status":"closed","template":"","meta":[],"product_brand":[],"product_cat":[9133],"product_tag":[],"class_list":{"0":"post-101402","1":"product","2":"type-product","3":"status-publish","4":"has-post-thumbnail","6":"product_cat-grouped","8":"first","9":"instock","10":"shipping-taxable","11":"product-type-variable","12":"wvs-archive-product-wrapper"},"_links":{"self":[{"href":"https:\/\/baldumarket.lt\/lt\/wp-json\/wp\/v2\/product\/101402","targetHints":{"allow":["GET"]}}],"collection":[{"href":"https:\/\/baldumarket.lt\/lt\/wp-json\/wp\/v2\/product"}],"about":[{"href":"https:\/\/baldumarket.lt\/lt\/wp-json\/wp\/v2\/types\/product"}],"replies":[{"embeddable":true,"href":"https:\/\/baldumarket.lt\/lt\/wp-json\/wp\/v2\/comments?post=101402"}],"wp:featuredmedia":[{"embeddable":true,"href":"https:\/\/baldumarket.lt\/lt\/wp-json\/wp\/v2\/media\/101396"}],"wp:attachment":[{"href":"https:\/\/baldumarket.lt\/lt\/wp-json\/wp\/v2\/media?parent=101402"}],"wp:term":[{"taxonomy":"product_brand","embeddable":true,"href":"https:\/\/baldumarket.lt\/lt\/wp-json\/wp\/v2\/product_brand?post=101402"},{"taxonomy":"product_cat","embeddable":true,"href":"https:\/\/baldumarket.lt\/lt\/wp-json\/wp\/v2\/product_cat?post=101402"},{"taxonomy":"product_tag","embeddable":true,"href":"https:\/\/baldumarket.lt\/lt\/wp-json\/wp\/v2\/product_tag?post=101402"}],"curies":[{"name":"wp","href":"https:\/\/api.w.org\/{rel}","templated":true}]}}