{"id":101386,"date":"2025-12-07T21:49:16","date_gmt":"2025-12-07T18:49:16","guid":{"rendered":"https:\/\/baldumarket.lt\/?post_type=product&#038;p=101386"},"modified":"2026-04-12T00:52:17","modified_gmt":"2026-04-11T21:52:17","slug":"akka-a-0336-standard-gr-l1","status":"publish","type":"product","link":"https:\/\/baldumarket.lt\/lt\/product\/akka-a-0336-standard-gr-l1\/","title":{"rendered":"Akka A-0336 Standartinis Gr-L1"},"content":{"rendered":"<p>Dizainas: Charaziak Design<br \/>\n\u201eAkka\u201c k\u0117d\u0117 \u012fkv\u0117pta japoni\u0161ko minimalizmo ir pasi\u017eymi subtiliai kont\u016bruotu faneros atlo\u0161u bei asimetri\u0161komis kojel\u0117mis.<\/p>","protected":false},"excerpt":{"rendered":"<p>Dizainas: \u201eCharaziak Design\u201c. \u201eAkka\u201c k\u0117d\u0117 \u012fkv\u0117pta japoni\u0161ko minimalizmo ir pasi\u017eymi subtiliai kont\u016bruotu faneros atlo\u0161u bei asimetri\u0161komis kojel\u0117mis.<\/p>","protected":false},"featured_media":101396,"comment_status":"open","ping_status":"closed","template":"","meta":[],"product_brand":[],"product_cat":[9133],"product_tag":[],"class_list":{"0":"post-101386","1":"product","2":"type-product","3":"status-publish","4":"has-post-thumbnail","6":"product_cat-grouped","8":"first","9":"instock","10":"shipping-taxable","11":"product-type-variable","12":"wvs-archive-product-wrapper"},"_links":{"self":[{"href":"https:\/\/baldumarket.lt\/lt\/wp-json\/wp\/v2\/product\/101386","targetHints":{"allow":["GET"]}}],"collection":[{"href":"https:\/\/baldumarket.lt\/lt\/wp-json\/wp\/v2\/product"}],"about":[{"href":"https:\/\/baldumarket.lt\/lt\/wp-json\/wp\/v2\/types\/product"}],"replies":[{"embeddable":true,"href":"https:\/\/baldumarket.lt\/lt\/wp-json\/wp\/v2\/comments?post=101386"}],"wp:featuredmedia":[{"embeddable":true,"href":"https:\/\/baldumarket.lt\/lt\/wp-json\/wp\/v2\/media\/101396"}],"wp:attachment":[{"href":"https:\/\/baldumarket.lt\/lt\/wp-json\/wp\/v2\/media?parent=101386"}],"wp:term":[{"taxonomy":"product_brand","embeddable":true,"href":"https:\/\/baldumarket.lt\/lt\/wp-json\/wp\/v2\/product_brand?post=101386"},{"taxonomy":"product_cat","embeddable":true,"href":"https:\/\/baldumarket.lt\/lt\/wp-json\/wp\/v2\/product_cat?post=101386"},{"taxonomy":"product_tag","embeddable":true,"href":"https:\/\/baldumarket.lt\/lt\/wp-json\/wp\/v2\/product_tag?post=101386"}],"curies":[{"name":"wp","href":"https:\/\/api.w.org\/{rel}","templated":true}]}}