{"id":101281,"date":"2025-12-07T21:39:51","date_gmt":"2025-12-07T18:39:51","guid":{"rendered":"https:\/\/baldumarket.lt\/?post_type=product&#038;p=101281"},"modified":"2026-04-12T00:52:17","modified_gmt":"2026-04-11T21:52:17","slug":"a-8810-1-standard-gr-a","status":"publish","type":"product","link":"https:\/\/baldumarket.lt\/lt\/product\/a-8810-1-standard-gr-a\/","title":{"rendered":"A-8810\/1 Standartinis Gr-A"},"content":{"rendered":"<p>Klasikinis A-8810 k\u0117d\u0117s modelis pagamintas i\u0161 tradicin\u0117s rankomis lenktos buko medienos. Atlo\u0161as pagamintas i\u0161 plok\u0161\u010di\u0173 medini\u0173 lenteli\u0173. Originalus modelis buvo sukurtas 1895 m.<\/p>","protected":false},"excerpt":{"rendered":"<p>Klasikinis A-8810 k\u0117d\u0117s modelis pagamintas i\u0161 tradicin\u0117s rankomis lenktos buko medienos. Atlo\u0161as pagamintas i\u0161 plok\u0161\u010di\u0173 medini\u0173 lenteli\u0173. Originalus modelis buvo sukurtas 1895 m.<\/p>","protected":false},"featured_media":101299,"comment_status":"open","ping_status":"closed","template":"","meta":[],"product_brand":[],"product_cat":[9133],"product_tag":[],"class_list":{"0":"post-101281","1":"product","2":"type-product","3":"status-publish","4":"has-post-thumbnail","6":"product_cat-grouped","8":"first","9":"instock","10":"shipping-taxable","11":"product-type-variable","12":"wvs-archive-product-wrapper"},"_links":{"self":[{"href":"https:\/\/baldumarket.lt\/lt\/wp-json\/wp\/v2\/product\/101281","targetHints":{"allow":["GET"]}}],"collection":[{"href":"https:\/\/baldumarket.lt\/lt\/wp-json\/wp\/v2\/product"}],"about":[{"href":"https:\/\/baldumarket.lt\/lt\/wp-json\/wp\/v2\/types\/product"}],"replies":[{"embeddable":true,"href":"https:\/\/baldumarket.lt\/lt\/wp-json\/wp\/v2\/comments?post=101281"}],"wp:featuredmedia":[{"embeddable":true,"href":"https:\/\/baldumarket.lt\/lt\/wp-json\/wp\/v2\/media\/101299"}],"wp:attachment":[{"href":"https:\/\/baldumarket.lt\/lt\/wp-json\/wp\/v2\/media?parent=101281"}],"wp:term":[{"taxonomy":"product_brand","embeddable":true,"href":"https:\/\/baldumarket.lt\/lt\/wp-json\/wp\/v2\/product_brand?post=101281"},{"taxonomy":"product_cat","embeddable":true,"href":"https:\/\/baldumarket.lt\/lt\/wp-json\/wp\/v2\/product_cat?post=101281"},{"taxonomy":"product_tag","embeddable":true,"href":"https:\/\/baldumarket.lt\/lt\/wp-json\/wp\/v2\/product_tag?post=101281"}],"curies":[{"name":"wp","href":"https:\/\/api.w.org\/{rel}","templated":true}]}}