{"id":101222,"date":"2025-12-07T21:34:15","date_gmt":"2025-12-07T18:34:15","guid":{"rendered":"https:\/\/baldumarket.lt\/?post_type=product&#038;p=101222"},"modified":"2026-04-12T00:52:17","modified_gmt":"2026-04-11T21:52:17","slug":"a-8145-14-standard-gr-d","status":"publish","type":"product","link":"https:\/\/baldumarket.lt\/lt\/product\/a-8145-14-standard-gr-d\/","title":{"rendered":"A-8145\/14 Standartinis Gr-D"},"content":{"rendered":"<p>Originali lenktos medienos k\u0117d\u0117 A-8145, pagaminta naudojant tradicin\u0119 rankinio buko medienos lenkimo technologij\u0105. Atlo\u0161as pagamintas i\u0161 tekint\u0173 stryp\u0173. Originali k\u0117d\u0117 buvo sukurta apie 1900 metus.<\/p>","protected":false},"excerpt":{"rendered":"<p>Originali lenktos medienos k\u0117d\u0117 A-8145, pagaminta naudojant tradicin\u0119 rankinio buko medienos lenkimo technologij\u0105. Atlo\u0161as pagamintas i\u0161 tekint\u0173 stryp\u0173. Originali k\u0117d\u0117 buvo sukurta apie 1900 metus.<\/p>","protected":false},"featured_media":101234,"comment_status":"open","ping_status":"closed","template":"","meta":[],"product_brand":[],"product_cat":[9133],"product_tag":[],"class_list":{"0":"post-101222","1":"product","2":"type-product","3":"status-publish","4":"has-post-thumbnail","6":"product_cat-grouped","8":"first","9":"instock","10":"shipping-taxable","11":"product-type-variable","12":"wvs-archive-product-wrapper"},"_links":{"self":[{"href":"https:\/\/baldumarket.lt\/lt\/wp-json\/wp\/v2\/product\/101222","targetHints":{"allow":["GET"]}}],"collection":[{"href":"https:\/\/baldumarket.lt\/lt\/wp-json\/wp\/v2\/product"}],"about":[{"href":"https:\/\/baldumarket.lt\/lt\/wp-json\/wp\/v2\/types\/product"}],"replies":[{"embeddable":true,"href":"https:\/\/baldumarket.lt\/lt\/wp-json\/wp\/v2\/comments?post=101222"}],"wp:featuredmedia":[{"embeddable":true,"href":"https:\/\/baldumarket.lt\/lt\/wp-json\/wp\/v2\/media\/101234"}],"wp:attachment":[{"href":"https:\/\/baldumarket.lt\/lt\/wp-json\/wp\/v2\/media?parent=101222"}],"wp:term":[{"taxonomy":"product_brand","embeddable":true,"href":"https:\/\/baldumarket.lt\/lt\/wp-json\/wp\/v2\/product_brand?post=101222"},{"taxonomy":"product_cat","embeddable":true,"href":"https:\/\/baldumarket.lt\/lt\/wp-json\/wp\/v2\/product_cat?post=101222"},{"taxonomy":"product_tag","embeddable":true,"href":"https:\/\/baldumarket.lt\/lt\/wp-json\/wp\/v2\/product_tag?post=101222"}],"curies":[{"name":"wp","href":"https:\/\/api.w.org\/{rel}","templated":true}]}}