{"id":101208,"date":"2025-12-07T21:32:36","date_gmt":"2025-12-07T18:32:36","guid":{"rendered":"https:\/\/baldumarket.lt\/?post_type=product&#038;p=101208"},"modified":"2026-02-11T02:26:57","modified_gmt":"2026-02-10T23:26:57","slug":"a-811-2-premium-gr-d","status":"publish","type":"product","link":"https:\/\/baldumarket.lt\/lt\/product\/a-811-2-premium-gr-d\/","title":{"rendered":"A-811\/2 Premium Gr-D"},"content":{"rendered":"<p>811 kr\u0117slas ir fotelis yra \u201cam\u017einai \u017ealiuojantis\u201d modelis, kurio i\u0161takos siekia XX a. 4-\u0105j\u012f de\u0161imtmet\u012f. \u012evair\u016bs \u0161altiniai originali\u0105 form\u0105 priskiria Josephui Hoffmanui, Oswaldui Haerdtlui arba Josefui Frankui. \u0160is universalus ir ikoni\u0161kas modelis yra lygaus, apmu\u0161to ir austo kilim\u0117lio variantuose.<\/p>","protected":false},"excerpt":{"rendered":"<p>811 kr\u0117slas ir fotelis yra \u201cam\u017einai \u017ealiuojantis\u201d modelis, kurio i\u0161takos siekia XX a. 4-\u0105j\u012f de\u0161imtmet\u012f. \u012evair\u016bs \u0161altiniai originali\u0105 form\u0105 priskiria Josephui Hoffmanui, Oswaldui Haerdtlui arba Josefui Frankui. \u0160is universalus ir ikoni\u0161kas modelis yra lygaus, apmu\u0161to ir austo kilim\u0117lio variantuose.<\/p>","protected":false},"featured_media":101200,"comment_status":"open","ping_status":"closed","template":"","meta":[],"product_brand":[],"product_cat":[9133],"product_tag":[],"class_list":{"0":"post-101208","1":"product","2":"type-product","3":"status-publish","4":"has-post-thumbnail","6":"product_cat-grouped","8":"first","9":"instock","10":"shipping-taxable","11":"product-type-variable","12":"wvs-archive-product-wrapper"},"_links":{"self":[{"href":"https:\/\/baldumarket.lt\/lt\/wp-json\/wp\/v2\/product\/101208","targetHints":{"allow":["GET"]}}],"collection":[{"href":"https:\/\/baldumarket.lt\/lt\/wp-json\/wp\/v2\/product"}],"about":[{"href":"https:\/\/baldumarket.lt\/lt\/wp-json\/wp\/v2\/types\/product"}],"replies":[{"embeddable":true,"href":"https:\/\/baldumarket.lt\/lt\/wp-json\/wp\/v2\/comments?post=101208"}],"wp:featuredmedia":[{"embeddable":true,"href":"https:\/\/baldumarket.lt\/lt\/wp-json\/wp\/v2\/media\/101200"}],"wp:attachment":[{"href":"https:\/\/baldumarket.lt\/lt\/wp-json\/wp\/v2\/media?parent=101208"}],"wp:term":[{"taxonomy":"product_brand","embeddable":true,"href":"https:\/\/baldumarket.lt\/lt\/wp-json\/wp\/v2\/product_brand?post=101208"},{"taxonomy":"product_cat","embeddable":true,"href":"https:\/\/baldumarket.lt\/lt\/wp-json\/wp\/v2\/product_cat?post=101208"},{"taxonomy":"product_tag","embeddable":true,"href":"https:\/\/baldumarket.lt\/lt\/wp-json\/wp\/v2\/product_tag?post=101208"}],"curies":[{"name":"wp","href":"https:\/\/api.w.org\/{rel}","templated":true}]}}